{"id":15183,"date":"2026-03-27T09:27:55","date_gmt":"2026-03-27T08:27:55","guid":{"rendered":"https:\/\/grill-master.shop\/gree\/produkt\/rozpalka-podpalka-duza-do-pieca-kominka-grilla-ognisk-32-szt-kostek-biala\/"},"modified":"2026-03-27T09:27:55","modified_gmt":"2026-03-27T08:27:55","slug":"rozpalka-podpalka-duza-do-pieca-kominka-grilla-ognisk-32-szt-kostek-biala","status":"publish","type":"product","link":"https:\/\/ogrodowyswiat24.shop\/grill\/produkt\/rozpalka-podpalka-duza-do-pieca-kominka-grilla-ognisk-32-szt-kostek-biala\/","title":{"rendered":"ROZPA\u0141KA PODPA\u0141KA DU\u017bA DO PIECA KOMINKA GRILLA ognisk 32 szt kostek bia\u0142a"},"content":{"rendered":"<div style=\"font-family: Arial, sans-serif; line-height: 1.6; color: #333; padding: 20px; clear: both; display: block; width: 100%; float: none; position: static; overflow: hidden;\">\n<div style=\"clear: both; display: block; margin: 10px 0;\">\n<div style=\"clear: both; display: block; margin: 10px 0;\">\n<div style=\"clear: both; display: block; margin: 10px 0;\">\n<h1>ROZPA\u0141KA PODPA\u0141KA DU\u017bA DO PIECA KOMINKA GRILLA ognisk 32 szt kostek bia\u0142a<\/h1>\n<\/div>\n<\/div>\n<\/div>\n<div style=\"clear: both; display: block; margin: 10px 0;\">\n<div style=\"clear: both; display: block; margin: 10px 0;\">\n<div style=\"clear: both; display: block; margin: 10px 0;\">\n<div  style=\"max-width:1882px;max-height:1720px\">\n<div style=\"clear: both; display: block; margin: 10px 0;\">\n<div style=\"clear: both; width: 100%; display: block; margin: 20px 0; padding: 0; float: none; position: static; text-align: center;\"><img decoding=\"async\"  src=\"https:\/\/a.allegroimg.com\/original\/117c5f\/335cce954ef28cd64f7afebd67ae\/ROZPALKA-PODPALKA-DUZA-DO-PIECA-KOMINKA-GRILLA-ognisk-32-szt-kostek-biala\" srcset=\"https:\/\/a.allegroimg.com\/original\/117c5f\/335cce954ef28cd64f7afebd67ae\/ROZPALKA-PODPALKA-DUZA-DO-PIECA-KOMINKA-GRILLA-ognisk-32-szt-kostek-biala 360w,https:\/\/a.allegroimg.com\/original\/117c5f\/335cce954ef28cd64f7afebd67ae\/ROZPALKA-PODPALKA-DUZA-DO-PIECA-KOMINKA-GRILLA-ognisk-32-szt-kostek-biala 720w,https:\/\/a.allegroimg.com\/original\/117c5f\/335cce954ef28cd64f7afebd67ae\/ROZPALKA-PODPALKA-DUZA-DO-PIECA-KOMINKA-GRILLA-ognisk-32-szt-kostek-biala 1023w,https:\/\/a.allegroimg.com\/original\/117c5f\/335cce954ef28cd64f7afebd67ae\/ROZPALKA-PODPALKA-DUZA-DO-PIECA-KOMINKA-GRILLA-ognisk-32-szt-kostek-biala 1440w,https:\/\/a.allegroimg.com\/original\/117c5f\/335cce954ef28cd64f7afebd67ae\/ROZPALKA-PODPALKA-DUZA-DO-PIECA-KOMINKA-GRILLA-ognisk-32-szt-kostek-biala 1882w\" sizes=\"(min-width: 1200px) 560px, (min-width: 992px) 50vw, 100vw\" width=\"1882px\" alt=\"ROZPA\u0141KA PODPA\u0141KA DU\u017bA DO PIECA KOMINKA GRILLA ognisk 32 szt kostek bia\u0142a\" style=\"max-width: 100%; height: auto; display: block; margin: 0 auto;\"><\/div>\n<\/div>\n<\/div>\n<\/div>\n<\/div>\n<div style=\"clear: both; display: block; margin: 10px 0;\">\n<div style=\"clear: both; display: block; margin: 10px 0;\">\n<p style=\"margin: 15px 0; line-height: 1.8; clear: both; display: block; width: 100%; float: none; position: static;\"><b>Podpa\u0142ka w kostkach<\/b> to niezawodne rozwi\u0105zanie do <b>rozpalania grilla, piec\u00f3w, komink\u00f3w oraz ognisk<\/b>. <b>Pali si\u0119 silnym i r\u00f3wnomiernym p\u0142omieniem<\/b>, zapewniaj\u0105c \u0142atwe i efektywne rozpalanie. Dzi\u0119ki <b>wysokiej kaloryczno\u015bci<\/b> nadaje si\u0119 do r\u00f3\u017cnych zastosowa\u0144.<\/p>\n<h3 style=\"color: #2c5aa0; font-size: 18px; margin: 30px 0 15px 0; font-weight: bold; clear: both; display: block; width: 100%; float: none; position: static;\">Zalety:<\/h3>\n<p style=\"margin: 15px 0; line-height: 1.8; clear: both; display: block; width: 100%; float: none; position: static;\"><b>Szybkie i skuteczne rozpalanie<\/b> \u2013 idealna do grilla, pieca i kominka<\/p>\n<p style=\"margin: 15px 0; line-height: 1.8; clear: both; display: block; width: 100%; float: none; position: static;\"><b>Mocny, r\u00f3wnomierny p\u0142omie\u0144<\/b> \u2013 stabilne spalanie<\/p>\n<p style=\"margin: 15px 0; line-height: 1.8; clear: both; display: block; width: 100%; float: none; position: static;\"><b>\u0141atwa w u\u017cyciu<\/b> \u2013 wystarczy od\u0142ama\u0107 kostk\u0119 i zapali\u0107<\/p>\n<p style=\"margin: 15px 0; line-height: 1.8; clear: both; display: block; width: 100%; float: none; position: static;\"><b>Bezpieczna w przechowywaniu<\/b> \u2013 nie wymaga dodatkowych substancji \u0142atwopalnych<\/p>\n<h3 style=\"color: #2c5aa0; font-size: 18px; margin: 30px 0 15px 0; font-weight: bold; clear: both; display: block; width: 100%; float: none; position: static;\">Specyfikacja:<\/h3>\n<p style=\"margin: 15px 0; line-height: 1.8; clear: both; display: block; width: 100%; float: none; position: static;\"><b>Opakowanie:<\/b> 32 kostki<\/p>\n<p style=\"margin: 15px 0; line-height: 1.8; clear: both; display: block; width: 100%; float: none; position: static;\"><b>Zastosowanie:<\/b> Grill, kominek, piec, ognisko<\/p>\n<\/div>\n<\/div>\n<\/div>\n<\/div>\n<\/div>\n<\/div>\n<div style=\"clear: both; display: block; margin: 10px 0;\">\n","protected":false},"excerpt":{"rendered":"<p>ROZPA\u0141KA PODPA\u0141KA DU\u017bA DO PIECA KOMINKA GRILLA ognisk 32 szt kostek bia\u0142a<\/p>\n<p>Podpa\u0142ka w kostkach to niezawodne rozwi\u0105zanie do rozpalania grilla, piec\u00f3w, komink\u00f3w oraz ognisk. Pali si\u0119 silnym i r\u00f3wnomiernym p\u0142omieniem, zapewniaj\u0105c \u0142atwe i efektywne rozpalanie. Dzi\u0119ki wysokiej kaloryczno\u015bci nadaje si\u0119 do r\u00f3\u017cnych zastosowa\u0144.<\/p>\n<p>Zalety:<\/p>\n<p>Szybkie i skuteczne rozpalanie \u2013 idealna do grilla, pieca i kominka<\/p>\n<p>Mocny, r\u00f3wnomierny p\u0142omie\u0144 \u2013 stabilne spalanie<\/p>\n<p>\u0141atwa w u\u017cyciu \u2013 wystarczy od\u0142ama\u0107 kostk\u0119 i zapali\u0107<\/p>\n","protected":false},"featured_media":15184,"template":"","meta":{"_uag_custom_page_level_css":""},"product_brand":[803],"product_cat":[795,541,802],"product_tag":[],"class_list":{"0":"post-15183","1":"product","2":"type-product","3":"status-publish","4":"has-post-thumbnail","6":"product_brand-begris","7":"product_cat-grillowanie","8":"product_cat-ogrod","9":"product_cat-rozpalki-i-brykiety","11":"first","12":"instock","13":"sale","14":"shipping-taxable","15":"purchasable","16":"product-type-simple"},"uagb_featured_image_src":{"full":["https:\/\/ogrodowyswiat24.shop\/grill\/wp-content\/uploads\/2026\/03\/allegro-image-15183.jpg",1882,1720,false],"thumbnail":["https:\/\/ogrodowyswiat24.shop\/grill\/wp-content\/uploads\/2026\/03\/allegro-image-15183-150x150.jpg",150,150,true],"medium":["https:\/\/ogrodowyswiat24.shop\/grill\/wp-content\/uploads\/2026\/03\/allegro-image-15183-300x274.jpg",300,274,true],"medium_large":["https:\/\/ogrodowyswiat24.shop\/grill\/wp-content\/uploads\/2026\/03\/allegro-image-15183-768x702.jpg",768,702,true],"large":["https:\/\/ogrodowyswiat24.shop\/grill\/wp-content\/uploads\/2026\/03\/allegro-image-15183-1024x936.jpg",1024,936,true],"1536x1536":["https:\/\/ogrodowyswiat24.shop\/grill\/wp-content\/uploads\/2026\/03\/allegro-image-15183-1536x1404.jpg",1536,1404,true],"2048x2048":["https:\/\/ogrodowyswiat24.shop\/grill\/wp-content\/uploads\/2026\/03\/allegro-image-15183.jpg",1882,1720,false],"woocommerce_thumbnail":["https:\/\/ogrodowyswiat24.shop\/grill\/wp-content\/uploads\/2026\/03\/allegro-image-15183-300x300.jpg",300,300,true],"woocommerce_single":["https:\/\/ogrodowyswiat24.shop\/grill\/wp-content\/uploads\/2026\/03\/allegro-image-15183-600x548.jpg",600,548,true],"woocommerce_gallery_thumbnail":["https:\/\/ogrodowyswiat24.shop\/grill\/wp-content\/uploads\/2026\/03\/allegro-image-15183-100x100.jpg",100,100,true]},"uagb_author_info":{"display_name":"admin","author_link":"https:\/\/ogrodowyswiat24.shop\/grill\/author\/"},"uagb_comment_info":0,"uagb_excerpt":"ROZPA\u0141KA PODPA\u0141KA DU\u017bA DO PIECA KOMINKA GRILLA ognisk 32 szt kostek bia\u0142a Podpa\u0142ka w kostkach to niezawodne rozwi\u0105zanie do rozpalania grilla, piec\u00f3w, komink\u00f3w oraz ognisk. Pali si\u0119 silnym i r\u00f3wnomiernym p\u0142omieniem, zapewniaj\u0105c \u0142atwe i efektywne rozpalanie. Dzi\u0119ki wysokiej kaloryczno\u015bci nadaje si\u0119 do r\u00f3\u017cnych zastosowa\u0144. Zalety: Szybkie i skuteczne rozpalanie \u2013 idealna do grilla, pieca i&hellip;","_links":{"self":[{"href":"https:\/\/ogrodowyswiat24.shop\/grill\/wp-json\/wp\/v2\/product\/15183","targetHints":{"allow":["GET"]}}],"collection":[{"href":"https:\/\/ogrodowyswiat24.shop\/grill\/wp-json\/wp\/v2\/product"}],"about":[{"href":"https:\/\/ogrodowyswiat24.shop\/grill\/wp-json\/wp\/v2\/types\/product"}],"wp:featuredmedia":[{"embeddable":true,"href":"https:\/\/ogrodowyswiat24.shop\/grill\/wp-json\/wp\/v2\/media\/15184"}],"wp:attachment":[{"href":"https:\/\/ogrodowyswiat24.shop\/grill\/wp-json\/wp\/v2\/media?parent=15183"}],"wp:term":[{"taxonomy":"product_brand","embeddable":true,"href":"https:\/\/ogrodowyswiat24.shop\/grill\/wp-json\/wp\/v2\/product_brand?post=15183"},{"taxonomy":"product_cat","embeddable":true,"href":"https:\/\/ogrodowyswiat24.shop\/grill\/wp-json\/wp\/v2\/product_cat?post=15183"},{"taxonomy":"product_tag","embeddable":true,"href":"https:\/\/ogrodowyswiat24.shop\/grill\/wp-json\/wp\/v2\/product_tag?post=15183"}],"curies":[{"name":"wp","href":"https:\/\/api.w.org\/{rel}","templated":true}]}}