{"id":15221,"date":"2026-03-27T09:28:17","date_gmt":"2026-03-27T08:28:17","guid":{"rendered":"https:\/\/grill-master.shop\/gree\/produkt\/3-sztuki-grill-jednorazowy-turystyczny-piknikowy-na-wyjazdy\/"},"modified":"2026-03-27T09:28:17","modified_gmt":"2026-03-27T08:28:17","slug":"3-sztuki-grill-jednorazowy-turystyczny-piknikowy-na-wyjazdy","status":"publish","type":"product","link":"https:\/\/ogrodowyswiat24.shop\/grill\/produkt\/3-sztuki-grill-jednorazowy-turystyczny-piknikowy-na-wyjazdy\/","title":{"rendered":"3 SZTUKI &#8211; GRILL JEDNORAZOWY &#8211; TURYSTYCZNY &#8211; PIKNIKOWY &#8211; NA WYJAZDY"},"content":{"rendered":"<div style=\"font-family: Arial, sans-serif; line-height: 1.6; color: #333; padding: 20px; clear: both; display: block; width: 100%; float: none; position: static; overflow: hidden;\">\n<div style=\"clear: both; display: block; margin: 10px 0;\">\n<div style=\"clear: both; display: block; margin: 10px 0;\">\n<div style=\"clear: both; display: block; margin: 10px 0;\">\n<p style=\"margin: 15px 0; line-height: 1.8; clear: both; display: block; width: 100%; float: none; position: static;\">Fire Barbecue Grill jednorazowy z w\u0119glem drzewnym i podpa\u0142k\u0105<\/p>\n<p style=\"margin: 15px 0; line-height: 1.8; clear: both; display: block; width: 100%; float: none; position: static;\">Fire Barbecue Grill jednorazowy to idealne rozwi\u0105zanie na piknik, imprez\u0119 ogrodow\u0105 czy wyjazd nad wod\u0119, gdy nie ma mo\u017cliwo\u015bci zabrania tradycyjnego grilla. Zestaw zawiera wszystko, co potrzebne do szybkiego i wygodnego grillowania.<\/p>\n<p style=\"margin: 15px 0; line-height: 1.8; clear: both; display: block; width: 100%; float: none; position: static;\">Zawarto\u015b\u0107 zestawu: waga &gt;750 g<\/p>\n<p style=\"margin: 15px 0; line-height: 1.8; clear: both; display: block; width: 100%; float: none; position: static;\">Du\u017ca tacka aluminiowa z w\u0119glem drzewnym o wymiarach: 72x322x262 cm<\/p>\n<p style=\"margin: 15px 0; line-height: 1.8; clear: both; display: block; width: 100%; float: none; position: static;\">Podpa\u0142ka sta\u0142a (u\u0142atwia rozpalanie),<\/p>\n<p style=\"margin: 15px 0; line-height: 1.8; clear: both; display: block; width: 100%; float: none; position: static;\">Papier pergaminowy (u\u0142atwia rozpalanie)<\/p>\n<p style=\"margin: 15px 0; line-height: 1.8; clear: both; display: block; width: 100%; float: none; position: static;\">Ruszt do grillowania,<\/p>\n<p style=\"margin: 15px 0; line-height: 1.8; clear: both; display: block; width: 100%; float: none; position: static;\">Stojak stabilizuj\u0105cy sk\u0142adany<\/p>\n<p style=\"margin: 15px 0; line-height: 1.8; clear: both; display: block; width: 100%; float: none; position: static;\">\u015arodek ga\u015bniczy (zwi\u0119kszaj\u0105cy bezpiecze\u0144stwo)-wym\u00f3g normy<\/p>\n<p style=\"margin: 15px 0; line-height: 1.8; clear: both; display: block; width: 100%; float: none; position: static;\">Wygoda u\u017cycia:<\/p>\n<p style=\"margin: 15px 0; line-height: 1.8; clear: both; display: block; width: 100%; float: none; position: static;\">Aby rozpocz\u0105\u0107 grillowanie, wystarczy wyj\u0105\u0107 produkt z opakowania, postawi\u0107 na stojaku i podpali\u0107 podpa\u0142k\u0119 przy u\u017cyciu zapa\u0142ki lub zapalniczki. Dzi\u0119ki kompaktowym wymiarom i lekkiej konstrukcji grill jest \u0142atwy w transporcie.<\/p>\n<p style=\"margin: 15px 0; line-height: 1.8; clear: both; display: block; width: 100%; float: none; position: static;\">\u015awietna alternatywa dla du\u017cych grill\u00f3w \u2013 wygodna, ekologiczna (jednorazowa, ale z u\u017cyciem naturalnego w\u0119gla) i bezpieczna dzi\u0119ki do\u0142\u0105czonemu \u015brodkowi ga\u015bniczemu.<\/p>\n<p style=\"margin: 15px 0; line-height: 1.8; clear: both; display: block; width: 100%; float: none; position: static;\">Norma:<\/p>\n<p style=\"margin: 15px 0; line-height: 1.8; clear: both; display: block; width: 100%; float: none; position: static;\">Produkt spe\u0142nia wymogi normy PN-EN 1860-4:2023-11, dotycz\u0105cej przeno\u015bnych urz\u0105dze\u0144 do grillowania na w\u0119giel drzewny.<\/p>\n<p style=\"margin: 15px 0; line-height: 1.8; clear: both; display: block; width: 100%; float: none; position: static;\">Zalety:<\/p>\n<ul style=\"margin: 15px 0; padding-left: 20px; clear: both; display: block; width: 100%; float: none; position: static;\">\n<li style=\"margin: 5px 0; padding: 2px 0; clear: both; display: list-item; float: none; position: static;\">Idealny na spontaniczne grillowanie,<\/li>\n<li style=\"margin: 5px 0; padding: 2px 0; clear: both; display: list-item; float: none; position: static;\">\u0141atwy w u\u017cyciu \u2013 gotowy do rozpalenia w kilka minut,<\/li>\n<li style=\"margin: 5px 0; padding: 2px 0; clear: both; display: list-item; float: none; position: static;\">Praktyczny i przeno\u015bny,<\/li>\n<li style=\"margin: 5px 0; padding: 2px 0; clear: both; display: list-item; float: none; position: static;\">Estetyczne opakowanie \u2013 nadaje si\u0119 na prezent.<\/li>\n<\/ul>\n<p style=\"margin: 15px 0; line-height: 1.8; clear: both; display: block; width: 100%; float: none; position: static;\">Zastosowanie:<\/p>\n<ul style=\"margin: 15px 0; padding-left: 20px; clear: both; display: block; width: 100%; float: none; position: static;\">\n<li style=\"margin: 5px 0; padding: 2px 0; clear: both; display: list-item; float: none; position: static;\">Pikniki,<\/li>\n<li style=\"margin: 5px 0; padding: 2px 0; clear: both; display: list-item; float: none; position: static;\">Wycieczki,<\/li>\n<li style=\"margin: 5px 0; padding: 2px 0; clear: both; display: list-item; float: none; position: static;\">Grillowanie w ogrodzie,<\/li>\n<li style=\"margin: 5px 0; padding: 2px 0; clear: both; display: list-item; float: none; position: static;\">Wypady nad jezioro lub na pla\u017c\u0119.<\/li>\n<\/ul>\n<p style=\"margin: 15px 0; line-height: 1.8; clear: both; display: block; width: 100%; float: none; position: static;\">Specyfikacja:<\/p>\n<ul style=\"margin: 15px 0; padding-left: 20px; clear: both; display: block; width: 100%; float: none; position: static;\">\n<li style=\"margin: 5px 0; padding: 2px 0; clear: both; display: list-item; float: none; position: static;\">Producent: Hipernet sp. z o.o. S.k, 03-672 Warszawa, ul. Balkonowa 5 lok.u3, biuro@hipernet.com.pl<\/li>\n<li style=\"margin: 5px 0; padding: 2px 0; clear: both; display: list-item; float: none; position: static;\">Marka: Fire Barbecue<\/li>\n<li style=\"margin: 5px 0; padding: 2px 0; clear: both; display: list-item; float: none; position: static;\">Kod EAN: 5905033225374<\/li>\n<li style=\"margin: 5px 0; padding: 2px 0; clear: both; display: list-item; float: none; position: static;\">Rodzaj opakowania: karton<\/li>\n<\/ul>\n<p style=\"margin: 15px 0; line-height: 1.8; clear: both; display: block; width: 100%; float: none; position: static;\">Ten produkt mo\u017ce by\u0107 u\u017cywany bezpiecznie i w spos\u00f3b okre\u015blony przez producenta wy\u0142\u0105cznie w oparciu o instrukcje u\u017cywania i konserwacji, zalecenia, ostrze\u017cenia lub informacje na temat bezpiecze\u0144stwa umieszczone na produkcie b\u0105d\u017a jego opakowaniu lub do\u0142\u0105czone do produktu.<\/p>\n<\/div>\n<\/div>\n<\/div>\n<div style=\"clear: both; display: block; margin: 10px 0;\">\n<div style=\"clear: both; display: block; margin: 10px 0;\">\n<div style=\"clear: both; display: block; margin: 10px 0;\">\n<div  style=\"max-width:1500px;max-height:1500px\">\n<div style=\"clear: both; display: block; margin: 10px 0;\">\n<div style=\"clear: both; width: 100%; display: block; margin: 20px 0; padding: 0; float: none; position: static; text-align: center;\"><img decoding=\"async\"  src=\"https:\/\/a.allegroimg.com\/original\/113720\/b6db1eba45338dbc41c43da8ea33\/3-SZTUKI-GRILL-JEDNORAZOWY-TURYSTYCZNY-PIKNIKOWY-NA-WYJAZDY-Stan-opakowania-oryginalne\" srcset=\"https:\/\/a.allegroimg.com\/original\/113720\/b6db1eba45338dbc41c43da8ea33\/3-SZTUKI-GRILL-JEDNORAZOWY-TURYSTYCZNY-PIKNIKOWY-NA-WYJAZDY-Stan-opakowania-oryginalne 360w,https:\/\/a.allegroimg.com\/original\/113720\/b6db1eba45338dbc41c43da8ea33\/3-SZTUKI-GRILL-JEDNORAZOWY-TURYSTYCZNY-PIKNIKOWY-NA-WYJAZDY-Stan-opakowania-oryginalne 720w,https:\/\/a.allegroimg.com\/original\/113720\/b6db1eba45338dbc41c43da8ea33\/3-SZTUKI-GRILL-JEDNORAZOWY-TURYSTYCZNY-PIKNIKOWY-NA-WYJAZDY-Stan-opakowania-oryginalne 1024w,https:\/\/a.allegroimg.com\/original\/113720\/b6db1eba45338dbc41c43da8ea33\/3-SZTUKI-GRILL-JEDNORAZOWY-TURYSTYCZNY-PIKNIKOWY-NA-WYJAZDY-Stan-opakowania-oryginalne 1440w,https:\/\/a.allegroimg.com\/original\/113720\/b6db1eba45338dbc41c43da8ea33\/3-SZTUKI-GRILL-JEDNORAZOWY-TURYSTYCZNY-PIKNIKOWY-NA-WYJAZDY-Stan-opakowania-oryginalne 1500w\" sizes=\"100vw\" width=\"1500px\" alt=\"3 SZTUKI - GRILL JEDNORAZOWY - TURYSTYCZNY - PIKNIKOWY - NA WYJAZDY Stan opakowania oryginalne\" style=\"max-width: 100%; height: auto; display: block; margin: 0 auto;\"><\/div>\n<\/div>\n<\/div>\n<\/div>\n<\/div>\n<\/div>\n<div style=\"clear: both; display: block; margin: 10px 0;\">\n<div style=\"clear: both; display: block; margin: 10px 0;\">\n<div style=\"clear: both; display: block; margin: 10px 0;\">\n<div  style=\"max-width:1500px;max-height:1500px\">\n<div style=\"clear: both; display: block; margin: 10px 0;\">\n<div style=\"clear: both; width: 100%; display: block; margin: 20px 0; padding: 0; float: none; position: static; text-align: center;\"><img decoding=\"async\"  src=\"https:\/\/a.allegroimg.com\/original\/111c33\/d406a7ba4c7aa85bd4d7d5f39e25\/3-SZTUKI-GRILL-JEDNORAZOWY-TURYSTYCZNY-PIKNIKOWY-NA-WYJAZDY-Kod-producenta-PIKNIKOWY\" srcset=\"https:\/\/a.allegroimg.com\/original\/111c33\/d406a7ba4c7aa85bd4d7d5f39e25\/3-SZTUKI-GRILL-JEDNORAZOWY-TURYSTYCZNY-PIKNIKOWY-NA-WYJAZDY-Kod-producenta-PIKNIKOWY 360w,https:\/\/a.allegroimg.com\/original\/111c33\/d406a7ba4c7aa85bd4d7d5f39e25\/3-SZTUKI-GRILL-JEDNORAZOWY-TURYSTYCZNY-PIKNIKOWY-NA-WYJAZDY-Kod-producenta-PIKNIKOWY 720w,https:\/\/a.allegroimg.com\/original\/111c33\/d406a7ba4c7aa85bd4d7d5f39e25\/3-SZTUKI-GRILL-JEDNORAZOWY-TURYSTYCZNY-PIKNIKOWY-NA-WYJAZDY-Kod-producenta-PIKNIKOWY 1024w,https:\/\/a.allegroimg.com\/original\/111c33\/d406a7ba4c7aa85bd4d7d5f39e25\/3-SZTUKI-GRILL-JEDNORAZOWY-TURYSTYCZNY-PIKNIKOWY-NA-WYJAZDY-Kod-producenta-PIKNIKOWY 1440w,https:\/\/a.allegroimg.com\/original\/111c33\/d406a7ba4c7aa85bd4d7d5f39e25\/3-SZTUKI-GRILL-JEDNORAZOWY-TURYSTYCZNY-PIKNIKOWY-NA-WYJAZDY-Kod-producenta-PIKNIKOWY 1500w\" sizes=\"100vw\" width=\"1500px\" alt=\"3 SZTUKI - GRILL JEDNORAZOWY - TURYSTYCZNY - PIKNIKOWY - NA WYJAZDY Kod producenta PIKNIKOWY\" style=\"max-width: 100%; height: auto; display: block; margin: 0 auto;\"><\/div>\n<\/div>\n<\/div>\n<\/div>\n<\/div>\n<\/div>\n<div style=\"clear: both; display: block; margin: 10px 0;\">\n<div style=\"clear: both; display: block; margin: 10px 0;\">\n<div style=\"clear: both; display: block; margin: 10px 0;\">\n<div  style=\"max-width:1500px;max-height:1500px\">\n<div style=\"clear: both; display: block; margin: 10px 0;\">\n<div style=\"clear: both; width: 100%; display: block; margin: 20px 0; padding: 0; float: none; position: static; text-align: center;\"><img decoding=\"async\"  src=\"https:\/\/a.allegroimg.com\/original\/11be82\/b458ab4b435b942694bdc261f69d\/3-SZTUKI-GRILL-JEDNORAZOWY-TURYSTYCZNY-PIKNIKOWY-NA-WYJAZDY-Producent-nieznany-producent\" srcset=\"https:\/\/a.allegroimg.com\/original\/11be82\/b458ab4b435b942694bdc261f69d\/3-SZTUKI-GRILL-JEDNORAZOWY-TURYSTYCZNY-PIKNIKOWY-NA-WYJAZDY-Producent-nieznany-producent 360w,https:\/\/a.allegroimg.com\/original\/11be82\/b458ab4b435b942694bdc261f69d\/3-SZTUKI-GRILL-JEDNORAZOWY-TURYSTYCZNY-PIKNIKOWY-NA-WYJAZDY-Producent-nieznany-producent 720w,https:\/\/a.allegroimg.com\/original\/11be82\/b458ab4b435b942694bdc261f69d\/3-SZTUKI-GRILL-JEDNORAZOWY-TURYSTYCZNY-PIKNIKOWY-NA-WYJAZDY-Producent-nieznany-producent 1024w,https:\/\/a.allegroimg.com\/original\/11be82\/b458ab4b435b942694bdc261f69d\/3-SZTUKI-GRILL-JEDNORAZOWY-TURYSTYCZNY-PIKNIKOWY-NA-WYJAZDY-Producent-nieznany-producent 1440w,https:\/\/a.allegroimg.com\/original\/11be82\/b458ab4b435b942694bdc261f69d\/3-SZTUKI-GRILL-JEDNORAZOWY-TURYSTYCZNY-PIKNIKOWY-NA-WYJAZDY-Producent-nieznany-producent 1500w\" sizes=\"100vw\" width=\"1500px\" alt=\"3 SZTUKI - GRILL JEDNORAZOWY - TURYSTYCZNY - PIKNIKOWY - NA WYJAZDY Producent nieznany producent\" style=\"max-width: 100%; height: auto; display: block; margin: 0 auto;\"><\/div>\n<\/div>\n<\/div>\n<\/div>\n<\/div>\n<\/div>\n<\/div>\n<\/div>\n<\/div>\n<div style=\"clear: both; display: block; margin: 10px 0;\">\n","protected":false},"excerpt":{"rendered":"<p>Fire Barbecue Grill jednorazowy z w\u0119glem drzewnym i podpa\u0142k\u0105<\/p>\n<p>Fire Barbecue Grill jednorazowy to idealne rozwi\u0105zanie na piknik, imprez\u0119 ogrodow\u0105 czy wyjazd nad wod\u0119, gdy nie ma mo\u017cliwo\u015bci zabrania tradycyjnego grilla. Zestaw zawiera wszystko, co potrzebne do szybkiego i wygodnego grillowania.<\/p>\n<p>Zawarto\u015b\u0107 zestawu: waga &gt;750 g<\/p>\n<p>Du\u017ca tacka aluminiowa z w\u0119glem drzewnym o wymiarach: 72x322x262 cm<\/p>\n<p>Podpa\u0142ka sta\u0142a (u\u0142atwia rozpalanie),<\/p>\n<p>Papier pergaminowy (u\u0142atwia rozpalanie)<\/p>\n<p>Ruszt do grillowania,<\/p>\n<p>Stojak stabilizuj\u0105cy sk\u0142adany<\/p>\n","protected":false},"featured_media":15222,"template":"","meta":{"_uag_custom_page_level_css":""},"product_brand":[],"product_cat":[796,795,541],"product_tag":[],"class_list":{"0":"post-15221","1":"product","2":"type-product","3":"status-publish","4":"has-post-thumbnail","6":"product_cat-grille-weglowe","7":"product_cat-grillowanie","8":"product_cat-ogrod","10":"first","11":"instock","12":"sale","13":"shipping-taxable","14":"purchasable","15":"product-type-simple"},"uagb_featured_image_src":{"full":["https:\/\/ogrodowyswiat24.shop\/grill\/wp-content\/uploads\/2026\/03\/allegro-image-15221.jpg",1536,1024,false],"thumbnail":["https:\/\/ogrodowyswiat24.shop\/grill\/wp-content\/uploads\/2026\/03\/allegro-image-15221-150x150.jpg",150,150,true],"medium":["https:\/\/ogrodowyswiat24.shop\/grill\/wp-content\/uploads\/2026\/03\/allegro-image-15221-300x200.jpg",300,200,true],"medium_large":["https:\/\/ogrodowyswiat24.shop\/grill\/wp-content\/uploads\/2026\/03\/allegro-image-15221-768x512.jpg",768,512,true],"large":["https:\/\/ogrodowyswiat24.shop\/grill\/wp-content\/uploads\/2026\/03\/allegro-image-15221-1024x683.jpg",1024,683,true],"1536x1536":["https:\/\/ogrodowyswiat24.shop\/grill\/wp-content\/uploads\/2026\/03\/allegro-image-15221.jpg",1536,1024,false],"2048x2048":["https:\/\/ogrodowyswiat24.shop\/grill\/wp-content\/uploads\/2026\/03\/allegro-image-15221.jpg",1536,1024,false],"woocommerce_thumbnail":["https:\/\/ogrodowyswiat24.shop\/grill\/wp-content\/uploads\/2026\/03\/allegro-image-15221-300x300.jpg",300,300,true],"woocommerce_single":["https:\/\/ogrodowyswiat24.shop\/grill\/wp-content\/uploads\/2026\/03\/allegro-image-15221-600x400.jpg",600,400,true],"woocommerce_gallery_thumbnail":["https:\/\/ogrodowyswiat24.shop\/grill\/wp-content\/uploads\/2026\/03\/allegro-image-15221-100x100.jpg",100,100,true]},"uagb_author_info":{"display_name":"admin","author_link":"https:\/\/ogrodowyswiat24.shop\/grill\/author\/"},"uagb_comment_info":0,"uagb_excerpt":"Fire Barbecue Grill jednorazowy z w\u0119glem drzewnym i podpa\u0142k\u0105 Fire Barbecue Grill jednorazowy to idealne rozwi\u0105zanie na piknik, imprez\u0119 ogrodow\u0105 czy wyjazd nad wod\u0119, gdy nie ma mo\u017cliwo\u015bci zabrania tradycyjnego grilla. Zestaw zawiera wszystko, co potrzebne do szybkiego i wygodnego grillowania. Zawarto\u015b\u0107 zestawu: waga &gt;750 g Du\u017ca tacka aluminiowa z w\u0119glem drzewnym o wymiarach: 72x322x262&hellip;","_links":{"self":[{"href":"https:\/\/ogrodowyswiat24.shop\/grill\/wp-json\/wp\/v2\/product\/15221","targetHints":{"allow":["GET"]}}],"collection":[{"href":"https:\/\/ogrodowyswiat24.shop\/grill\/wp-json\/wp\/v2\/product"}],"about":[{"href":"https:\/\/ogrodowyswiat24.shop\/grill\/wp-json\/wp\/v2\/types\/product"}],"wp:featuredmedia":[{"embeddable":true,"href":"https:\/\/ogrodowyswiat24.shop\/grill\/wp-json\/wp\/v2\/media\/15222"}],"wp:attachment":[{"href":"https:\/\/ogrodowyswiat24.shop\/grill\/wp-json\/wp\/v2\/media?parent=15221"}],"wp:term":[{"taxonomy":"product_brand","embeddable":true,"href":"https:\/\/ogrodowyswiat24.shop\/grill\/wp-json\/wp\/v2\/product_brand?post=15221"},{"taxonomy":"product_cat","embeddable":true,"href":"https:\/\/ogrodowyswiat24.shop\/grill\/wp-json\/wp\/v2\/product_cat?post=15221"},{"taxonomy":"product_tag","embeddable":true,"href":"https:\/\/ogrodowyswiat24.shop\/grill\/wp-json\/wp\/v2\/product_tag?post=15221"}],"curies":[{"name":"wp","href":"https:\/\/api.w.org\/{rel}","templated":true}]}}