{"id":15247,"date":"2026-03-27T09:28:33","date_gmt":"2026-03-27T08:28:33","guid":{"rendered":"https:\/\/grill-master.shop\/gree\/produkt\/grill-weglowy-duzy-zeliwny-ruszt-ogrodowy-z-pokrywa-popielnik-termometr\/"},"modified":"2026-03-27T09:28:33","modified_gmt":"2026-03-27T08:28:33","slug":"grill-weglowy-duzy-zeliwny-ruszt-ogrodowy-z-pokrywa-popielnik-termometr","status":"publish","type":"product","link":"https:\/\/ogrodowyswiat24.shop\/grill\/produkt\/grill-weglowy-duzy-zeliwny-ruszt-ogrodowy-z-pokrywa-popielnik-termometr\/","title":{"rendered":"GRILL W\u0118GLOWY DU\u017bY \u017bELIWNY RUSZT OGRODOWY Z POKRYW\u0104 POPIELNIK + TERMOMETR"},"content":{"rendered":"<div style=\"font-family: Arial, sans-serif; line-height: 1.6; color: #333; padding: 20px; clear: both; display: block; width: 100%; float: none; position: static; overflow: hidden;\">\n<div style=\"clear: both; display: block; margin: 10px 0;\">\n<div style=\"clear: both; display: block; margin: 10px 0;\">\n<div style=\"clear: both; display: block; margin: 10px 0;\">\n<h1>GRILL W\u0118GLOWY DU\u017bY \u017bELIWNY RUSZT OGRODOWY Z POKRYW\u0104 POPIELNIK + TERMOMETR<\/h1>\n<h2>\u2b50\ufe0f \u017beliwny ruszt<\/h2>\n<h2>\u2b50\ufe0f Solidna stalowa konstrukcja<\/h2>\n<h2>\u2b50\ufe0f 3 p\u00f3\u0142ki<\/h2>\n<h2>\u2b50\ufe0f Regulowane palenisko<\/h2>\n<h2>\u2b50\ufe0f Drzwiczki rewizyjne<\/h2>\n<h2>\u2b50\ufe0f Zakup od producenta<\/h2>\n<\/div>\n<\/div>\n<\/div>\n<div style=\"clear: both; display: block; margin: 10px 0;\">\n<div style=\"clear: both; display: block; margin: 10px 0;\">\n<div style=\"clear: both; display: block; margin: 10px 0;\">\n<div  style=\"max-width:2560px;max-height:2560px\">\n<div style=\"clear: both; display: block; margin: 10px 0;\">\n<div style=\"clear: both; width: 100%; display: block; margin: 20px 0; padding: 0; float: none; position: static; text-align: center;\"><img decoding=\"async\"  src=\"https:\/\/a.allegroimg.com\/original\/110293\/b3cc44f349eab03fb7f6582ee981\/GRILL-WEGLOWY-DUZY-ZELIWNY-RUSZT-OGRODOWY-Z-POKRYWA-POPIELNIK-TERMOMETR\" srcset=\"https:\/\/a.allegroimg.com\/original\/110293\/b3cc44f349eab03fb7f6582ee981\/GRILL-WEGLOWY-DUZY-ZELIWNY-RUSZT-OGRODOWY-Z-POKRYWA-POPIELNIK-TERMOMETR 360w,https:\/\/a.allegroimg.com\/original\/110293\/b3cc44f349eab03fb7f6582ee981\/GRILL-WEGLOWY-DUZY-ZELIWNY-RUSZT-OGRODOWY-Z-POKRYWA-POPIELNIK-TERMOMETR 720w,https:\/\/a.allegroimg.com\/original\/110293\/b3cc44f349eab03fb7f6582ee981\/GRILL-WEGLOWY-DUZY-ZELIWNY-RUSZT-OGRODOWY-Z-POKRYWA-POPIELNIK-TERMOMETR 1024w,https:\/\/a.allegroimg.com\/original\/110293\/b3cc44f349eab03fb7f6582ee981\/GRILL-WEGLOWY-DUZY-ZELIWNY-RUSZT-OGRODOWY-Z-POKRYWA-POPIELNIK-TERMOMETR 1440w,https:\/\/a.allegroimg.com\/original\/110293\/b3cc44f349eab03fb7f6582ee981\/GRILL-WEGLOWY-DUZY-ZELIWNY-RUSZT-OGRODOWY-Z-POKRYWA-POPIELNIK-TERMOMETR 2560w\" sizes=\"100vw\" width=\"2560px\" alt=\"GRILL W\u0118GLOWY DU\u017bY \u017bELIWNY RUSZT OGRODOWY Z POKRYW\u0104 POPIELNIK + TERMOMETR\" style=\"max-width: 100%; height: auto; display: block; margin: 0 auto;\"><\/div>\n<\/div>\n<\/div>\n<\/div>\n<\/div>\n<\/div>\n<div style=\"clear: both; display: block; margin: 10px 0;\">\n<div style=\"clear: both; display: block; margin: 10px 0;\">\n<div style=\"clear: both; display: block; margin: 10px 0;\">\n<div  style=\"max-width:1307px;max-height:177px\">\n<div style=\"clear: both; display: block; margin: 10px 0;\">\n<div style=\"clear: both; width: 100%; display: block; margin: 20px 0; padding: 0; float: none; position: static; text-align: center;\"><img decoding=\"async\"  src=\"https:\/\/a.allegroimg.com\/original\/11c2c6\/5ddc992c4026870db256925c4b87\/GRILL-WEGLOWY-DUZY-ZELIWNY-RUSZT-OGRODOWY-Z-POKRYWA-POPIELNIK-TERMOMETR-Wykonanie-rusztu-zeliwny\" srcset=\"https:\/\/a.allegroimg.com\/original\/11c2c6\/5ddc992c4026870db256925c4b87\/GRILL-WEGLOWY-DUZY-ZELIWNY-RUSZT-OGRODOWY-Z-POKRYWA-POPIELNIK-TERMOMETR-Wykonanie-rusztu-zeliwny 360w,https:\/\/a.allegroimg.com\/original\/11c2c6\/5ddc992c4026870db256925c4b87\/GRILL-WEGLOWY-DUZY-ZELIWNY-RUSZT-OGRODOWY-Z-POKRYWA-POPIELNIK-TERMOMETR-Wykonanie-rusztu-zeliwny 720w,https:\/\/a.allegroimg.com\/original\/11c2c6\/5ddc992c4026870db256925c4b87\/GRILL-WEGLOWY-DUZY-ZELIWNY-RUSZT-OGRODOWY-Z-POKRYWA-POPIELNIK-TERMOMETR-Wykonanie-rusztu-zeliwny 1024w,https:\/\/a.allegroimg.com\/original\/11c2c6\/5ddc992c4026870db256925c4b87\/GRILL-WEGLOWY-DUZY-ZELIWNY-RUSZT-OGRODOWY-Z-POKRYWA-POPIELNIK-TERMOMETR-Wykonanie-rusztu-zeliwny 1307w,https:\/\/a.allegroimg.com\/original\/11c2c6\/5ddc992c4026870db256925c4b87\/GRILL-WEGLOWY-DUZY-ZELIWNY-RUSZT-OGRODOWY-Z-POKRYWA-POPIELNIK-TERMOMETR-Wykonanie-rusztu-zeliwny 1307w\" sizes=\"100vw\" width=\"1307px\" alt=\"GRILL W\u0118GLOWY DU\u017bY \u017bELIWNY RUSZT OGRODOWY Z POKRYW\u0104 POPIELNIK + TERMOMETR Wykonanie rusztu \u017celiwny\" style=\"max-width: 100%; height: auto; display: block; margin: 0 auto;\"><\/div>\n<\/div>\n<\/div>\n<\/div>\n<\/div>\n<\/div>\n<div style=\"clear: both; display: block; margin: 10px 0;\">\n<div style=\"clear: both; display: block; margin: 10px 0;\">\n<div style=\"clear: both; display: block; margin: 10px 0;\">\n<h2>\u2728 Grill w\u0119glowy Ferro \u2013 smak prawdziwego grillowania \u2728<\/h2>\n<p style=\"margin: 15px 0; line-height: 1.8; clear: both; display: block; width: 100%; float: none; position: static;\">Grill w\u0119glowy Ferro to <b>idealny wyb\u00f3r dla os\u00f3b, kt\u00f3re chc\u0105 cieszy\u0107 si\u0119 prawdziwym smakiem grillowanych potraw<\/b> w ogrodzie lub na tarasie. Dzi\u0119ki <b>solidnej konstrukcji i praktycznym rozwi\u0105zaniom<\/b> przygotujesz soczyste mi\u0119sa, warzywa czy aromatyczne kie\u0142baski bez stresu i zb\u0119dnego wysi\u0142ku. To grill, kt\u00f3ry <b>daje komfort, kontrol\u0119 temperatury i wygod\u0119 u\u017cytkowania<\/b>, a jednocze\u015bnie sprawia, \u017ce ka\u017cde spotkanie przy jedzeniu staje si\u0119 wyj\u0105tkowe.<\/p>\n<\/div>\n<\/div>\n<\/div>\n<div style=\"clear: both; display: block; margin: 10px 0;\">\n<div style=\"clear: both; display: block; margin: 10px 0;\">\n<div style=\"clear: both; display: block; margin: 10px 0;\">\n<div  style=\"max-width:2560px;max-height:2560px\">\n<div style=\"clear: both; display: block; margin: 10px 0;\">\n<div style=\"clear: both; width: 100%; display: block; margin: 20px 0; padding: 0; float: none; position: static; text-align: center;\"><img decoding=\"async\"  src=\"https:\/\/a.allegroimg.com\/original\/11e88d\/78610d9944ec89af2b34866a9010\/GRILL-WEGLOWY-DUZY-ZELIWNY-RUSZT-OGRODOWY-Z-POKRYWA-POPIELNIK-TERMOMETR-Stan-opakowania-oryginalne\" srcset=\"https:\/\/a.allegroimg.com\/original\/11e88d\/78610d9944ec89af2b34866a9010\/GRILL-WEGLOWY-DUZY-ZELIWNY-RUSZT-OGRODOWY-Z-POKRYWA-POPIELNIK-TERMOMETR-Stan-opakowania-oryginalne 360w,https:\/\/a.allegroimg.com\/original\/11e88d\/78610d9944ec89af2b34866a9010\/GRILL-WEGLOWY-DUZY-ZELIWNY-RUSZT-OGRODOWY-Z-POKRYWA-POPIELNIK-TERMOMETR-Stan-opakowania-oryginalne 720w,https:\/\/a.allegroimg.com\/original\/11e88d\/78610d9944ec89af2b34866a9010\/GRILL-WEGLOWY-DUZY-ZELIWNY-RUSZT-OGRODOWY-Z-POKRYWA-POPIELNIK-TERMOMETR-Stan-opakowania-oryginalne 1024w,https:\/\/a.allegroimg.com\/original\/11e88d\/78610d9944ec89af2b34866a9010\/GRILL-WEGLOWY-DUZY-ZELIWNY-RUSZT-OGRODOWY-Z-POKRYWA-POPIELNIK-TERMOMETR-Stan-opakowania-oryginalne 1440w,https:\/\/a.allegroimg.com\/original\/11e88d\/78610d9944ec89af2b34866a9010\/GRILL-WEGLOWY-DUZY-ZELIWNY-RUSZT-OGRODOWY-Z-POKRYWA-POPIELNIK-TERMOMETR-Stan-opakowania-oryginalne 2560w\" sizes=\"100vw\" width=\"2560px\" alt=\"GRILL W\u0118GLOWY DU\u017bY \u017bELIWNY RUSZT OGRODOWY Z POKRYW\u0104 POPIELNIK + TERMOMETR Stan opakowania oryginalne\" style=\"max-width: 100%; height: auto; display: block; margin: 0 auto;\"><\/div>\n<\/div>\n<\/div>\n<\/div>\n<\/div>\n<\/div>\n<div style=\"clear: both; display: block; margin: 10px 0;\">\n<div style=\"clear: both; display: block; margin: 10px 0;\">\n<div style=\"clear: both; display: block; margin: 10px 0;\">\n<p style=\"margin: 15px 0; line-height: 1.8; clear: both; display: block; width: 100%; float: none; position: static;\">\u270d\ufe0f <b>Specyfikacja:<\/b><\/p>\n<ul style=\"margin: 15px 0; padding-left: 20px; clear: both; display: block; width: 100%; float: none; position: static;\">\n<li style=\"margin: 5px 0; padding: 2px 0; clear: both; display: list-item; float: none; position: static;\">Materia\u0142: stal, stal chromowana<\/li>\n<li style=\"margin: 5px 0; padding: 2px 0; clear: both; display: list-item; float: none; position: static;\">Wbudowany termometr w pokrywie<\/li>\n<li style=\"margin: 5px 0; padding: 2px 0; clear: both; display: list-item; float: none; position: static;\">Wyjmowany popielnik<\/li>\n<li style=\"margin: 5px 0; padding: 2px 0; clear: both; display: list-item; float: none; position: static;\">4 otwory wentylacyjne<\/li>\n<li style=\"margin: 5px 0; padding: 2px 0; clear: both; display: list-item; float: none; position: static;\">2 k\u00f3\u0142ka transportowe<\/li>\n<li style=\"margin: 5px 0; padding: 2px 0; clear: both; display: list-item; float: none; position: static;\">2 boczne p\u00f3\u0142ki + dolna p\u00f3\u0142ka na w\u0119giel\/akcesoria<\/li>\n<li style=\"margin: 5px 0; padding: 2px 0; clear: both; display: list-item; float: none; position: static;\">Regulowane palenisko<\/li>\n<li style=\"margin: 5px 0; padding: 2px 0; clear: both; display: list-item; float: none; position: static;\">Drzwiczki rewizyjne<\/li>\n<\/ul>\n<\/div>\n<\/div>\n<div style=\"clear: both; display: block; margin: 10px 0;\">\n<div style=\"clear: both; display: block; margin: 10px 0;\">\n<div  style=\"max-width:2560px;max-height:2560px\">\n<div style=\"clear: both; display: block; margin: 10px 0;\">\n<div style=\"clear: both; width: 100%; display: block; margin: 20px 0; padding: 0; float: none; position: static; text-align: center;\"><img decoding=\"async\"  src=\"https:\/\/a.allegroimg.com\/original\/11a827\/a28f63994f7984fd8f3b0b9028c4\/GRILL-WEGLOWY-DUZY-ZELIWNY-RUSZT-OGRODOWY-Z-POKRYWA-POPIELNIK-TERMOMETR-Szerokosc-grilla-88-cm\" srcset=\"https:\/\/a.allegroimg.com\/original\/11a827\/a28f63994f7984fd8f3b0b9028c4\/GRILL-WEGLOWY-DUZY-ZELIWNY-RUSZT-OGRODOWY-Z-POKRYWA-POPIELNIK-TERMOMETR-Szerokosc-grilla-88-cm 360w,https:\/\/a.allegroimg.com\/original\/11a827\/a28f63994f7984fd8f3b0b9028c4\/GRILL-WEGLOWY-DUZY-ZELIWNY-RUSZT-OGRODOWY-Z-POKRYWA-POPIELNIK-TERMOMETR-Szerokosc-grilla-88-cm 720w,https:\/\/a.allegroimg.com\/original\/11a827\/a28f63994f7984fd8f3b0b9028c4\/GRILL-WEGLOWY-DUZY-ZELIWNY-RUSZT-OGRODOWY-Z-POKRYWA-POPIELNIK-TERMOMETR-Szerokosc-grilla-88-cm 1024w,https:\/\/a.allegroimg.com\/original\/11a827\/a28f63994f7984fd8f3b0b9028c4\/GRILL-WEGLOWY-DUZY-ZELIWNY-RUSZT-OGRODOWY-Z-POKRYWA-POPIELNIK-TERMOMETR-Szerokosc-grilla-88-cm 1440w,https:\/\/a.allegroimg.com\/original\/11a827\/a28f63994f7984fd8f3b0b9028c4\/GRILL-WEGLOWY-DUZY-ZELIWNY-RUSZT-OGRODOWY-Z-POKRYWA-POPIELNIK-TERMOMETR-Szerokosc-grilla-88-cm 2560w\" sizes=\"(min-width: 1200px) 560px, (min-width: 992px) 50vw, 100vw\" width=\"2560px\" alt=\"GRILL W\u0118GLOWY DU\u017bY \u017bELIWNY RUSZT OGRODOWY Z POKRYW\u0104 POPIELNIK + TERMOMETR Szeroko\u015b\u0107 grilla 88 cm\" style=\"max-width: 100%; height: auto; display: block; margin: 0 auto;\"><\/div>\n<\/div>\n<\/div>\n<\/div>\n<\/div>\n<\/div>\n<div style=\"clear: both; display: block; margin: 10px 0;\">\n<div style=\"clear: both; display: block; margin: 10px 0;\">\n<div style=\"clear: both; display: block; margin: 10px 0;\">\n<p style=\"margin: 15px 0; line-height: 1.8; clear: both; display: block; width: 100%; float: none; position: static;\">\u270d\ufe0f <b>Wymiary:<\/b><\/p>\n<ul style=\"margin: 15px 0; padding-left: 20px; clear: both; display: block; width: 100%; float: none; position: static;\">\n<li style=\"margin: 5px 0; padding: 2px 0; clear: both; display: list-item; float: none; position: static;\"><b>Wysoko\u015b\u0107<\/b>: 94 cm<\/li>\n<li style=\"margin: 5px 0; padding: 2px 0; clear: both; display: list-item; float: none; position: static;\"><b>Wysoko\u015b\u0107 ca\u0142kowita (z kominkiem)<\/b>: 106 cm<\/li>\n<li style=\"margin: 5px 0; padding: 2px 0; clear: both; display: list-item; float: none; position: static;\"><b>Szeroko\u015b\u0107:<\/b> 88 cm<\/li>\n<li style=\"margin: 5px 0; padding: 2px 0; clear: both; display: list-item; float: none; position: static;\"><b>G\u0142\u0119boko\u015b\u0107:<\/b> 36 cm<\/li>\n<li style=\"margin: 5px 0; padding: 2px 0; clear: both; display: list-item; float: none; position: static;\"><b>Wymiar podw\u00f3jnego rusztu \u017celiwnego: <\/b>40,5 x 30 cm<\/li>\n<li style=\"margin: 5px 0; padding: 2px 0; clear: both; display: list-item; float: none; position: static;\"><b>Wymiary rusztu podgrzewaj\u0105cego<\/b>: 17,5 x 35,5 cm<\/li>\n<\/ul>\n<\/div>\n<\/div>\n<\/div>\n<div style=\"clear: both; display: block; margin: 10px 0;\">\n<div style=\"clear: both; display: block; margin: 10px 0;\">\n<div style=\"clear: both; display: block; margin: 10px 0;\">\n<div  style=\"max-width:2380px;max-height:2380px\">\n<div style=\"clear: both; display: block; margin: 10px 0;\">\n<div style=\"clear: both; width: 100%; display: block; margin: 20px 0; padding: 0; float: none; position: static; text-align: center;\"><img decoding=\"async\"  src=\"https:\/\/a.allegroimg.com\/original\/11fd45\/840a44134abcae161e83fa7dbb35\/GRILL-WEGLOWY-DUZY-ZELIWNY-RUSZT-OGRODOWY-Z-POKRYWA-POPIELNIK-TERMOMETR-Producent-Gockowiak\" srcset=\"https:\/\/a.allegroimg.com\/original\/11fd45\/840a44134abcae161e83fa7dbb35\/GRILL-WEGLOWY-DUZY-ZELIWNY-RUSZT-OGRODOWY-Z-POKRYWA-POPIELNIK-TERMOMETR-Producent-Gockowiak 360w,https:\/\/a.allegroimg.com\/original\/11fd45\/840a44134abcae161e83fa7dbb35\/GRILL-WEGLOWY-DUZY-ZELIWNY-RUSZT-OGRODOWY-Z-POKRYWA-POPIELNIK-TERMOMETR-Producent-Gockowiak 720w,https:\/\/a.allegroimg.com\/original\/11fd45\/840a44134abcae161e83fa7dbb35\/GRILL-WEGLOWY-DUZY-ZELIWNY-RUSZT-OGRODOWY-Z-POKRYWA-POPIELNIK-TERMOMETR-Producent-Gockowiak 1024w,https:\/\/a.allegroimg.com\/original\/11fd45\/840a44134abcae161e83fa7dbb35\/GRILL-WEGLOWY-DUZY-ZELIWNY-RUSZT-OGRODOWY-Z-POKRYWA-POPIELNIK-TERMOMETR-Producent-Gockowiak 1440w,https:\/\/a.allegroimg.com\/original\/11fd45\/840a44134abcae161e83fa7dbb35\/GRILL-WEGLOWY-DUZY-ZELIWNY-RUSZT-OGRODOWY-Z-POKRYWA-POPIELNIK-TERMOMETR-Producent-Gockowiak 2380w\" sizes=\"100vw\" width=\"2380px\" alt=\"GRILL W\u0118GLOWY DU\u017bY \u017bELIWNY RUSZT OGRODOWY Z POKRYW\u0104 POPIELNIK + TERMOMETR Producent Gockowiak\" style=\"max-width: 100%; height: auto; display: block; margin: 0 auto;\"><\/div>\n<\/div>\n<\/div>\n<\/div>\n<\/div>\n<\/div>\n<div style=\"clear: both; display: block; margin: 10px 0;\">\n<div style=\"clear: both; display: block; margin: 10px 0;\">\n<div style=\"clear: both; display: block; margin: 10px 0;\">\n<h3 style=\"color: #2c5aa0; font-size: 18px; margin: 30px 0 15px 0; font-weight: bold; clear: both; display: block; width: 100%; float: none; position: static;\">\u2714\ufe0f Solidna stalowa konstrukcja<\/h3>\n<p style=\"margin: 15px 0; line-height: 1.8; clear: both; display: block; width: 100%; float: none; position: static;\">Trwa\u0142y materia\u0142 zapewnia stabilno\u015b\u0107 i d\u0142ug\u0105 \u017cywotno\u015b\u0107 nawet przy cz\u0119stym u\u017cytkowaniu.<\/p>\n<h3 style=\"color: #2c5aa0; font-size: 18px; margin: 30px 0 15px 0; font-weight: bold; clear: both; display: block; width: 100%; float: none; position: static;\">\u2714\ufe0f Ruszt \u017celiwny<\/h3>\n<p style=\"margin: 15px 0; line-height: 1.8; clear: both; display: block; width: 100%; float: none; position: static;\">R\u00f3wnomiernie rozprowadza ciep\u0142o i pozwala uzyska\u0107 perfekcyjne przypieczenie potraw.<\/p>\n<h3 style=\"color: #2c5aa0; font-size: 18px; margin: 30px 0 15px 0; font-weight: bold; clear: both; display: block; width: 100%; float: none; position: static;\">\u2714\ufe0f Wbudowany termometr w pokrywie<\/h3>\n<p style=\"margin: 15px 0; line-height: 1.8; clear: both; display: block; width: 100%; float: none; position: static;\">Pe\u0142na kontrola temperatury bez konieczno\u015bci podnoszenia pokrywy.<\/p>\n<h3 style=\"color: #2c5aa0; font-size: 18px; margin: 30px 0 15px 0; font-weight: bold; clear: both; display: block; width: 100%; float: none; position: static;\">\u2714\ufe0f Regulacja wysoko\u015bci paleniska<\/h3>\n<p style=\"margin: 15px 0; line-height: 1.8; clear: both; display: block; width: 100%; float: none; position: static;\">\u0141atwo dopasujesz intensywno\u015b\u0107 \u017caru do rodzaju potraw, unikaj\u0105c przypale\u0144.<\/p>\n<h3 style=\"color: #2c5aa0; font-size: 18px; margin: 30px 0 15px 0; font-weight: bold; clear: both; display: block; width: 100%; float: none; position: static;\">\u2714\ufe0f 4 otwory wentylacyjne<\/h3>\n<p style=\"margin: 15px 0; line-height: 1.8; clear: both; display: block; width: 100%; float: none; position: static;\">Wygodne sterowanie dop\u0142ywem powietrza i temperatur\u0105 grillowania.<\/p>\n<h3 style=\"color: #2c5aa0; font-size: 18px; margin: 30px 0 15px 0; font-weight: bold; clear: both; display: block; width: 100%; float: none; position: static;\">\u2714\ufe0f Wyjmowany popielnik<\/h3>\n<p style=\"margin: 15px 0; line-height: 1.8; clear: both; display: block; width: 100%; float: none; position: static;\">Szybkie i czyste usuwanie popio\u0142u po grillowaniu.<\/p>\n<h3 style=\"color: #2c5aa0; font-size: 18px; margin: 30px 0 15px 0; font-weight: bold; clear: both; display: block; width: 100%; float: none; position: static;\">\u2714\ufe0f Dwie boczne p\u00f3\u0142ki<\/h3>\n<p style=\"margin: 15px 0; line-height: 1.8; clear: both; display: block; width: 100%; float: none; position: static;\">Miejsce na talerze, przyprawy i akcesoria zawsze pod r\u0119k\u0105.<\/p>\n<h3 style=\"color: #2c5aa0; font-size: 18px; margin: 30px 0 15px 0; font-weight: bold; clear: both; display: block; width: 100%; float: none; position: static;\">\u2714\ufe0f Pojemna dolna p\u00f3\u0142ka<\/h3>\n<p style=\"margin: 15px 0; line-height: 1.8; clear: both; display: block; width: 100%; float: none; position: static;\">Idealna na zapas w\u0119gla lub dodatkowe narz\u0119dzia grillowe.<\/p>\n<h3 style=\"color: #2c5aa0; font-size: 18px; margin: 30px 0 15px 0; font-weight: bold; clear: both; display: block; width: 100%; float: none; position: static;\">\u2714\ufe0f 2 k\u00f3\u0142ka transportowe<\/h3>\n<p style=\"margin: 15px 0; line-height: 1.8; clear: both; display: block; width: 100%; float: none; position: static;\">\u0141atwe przestawianie grilla w dowolne miejsce.<\/p>\n<h3 style=\"color: #2c5aa0; font-size: 18px; margin: 30px 0 15px 0; font-weight: bold; clear: both; display: block; width: 100%; float: none; position: static;\">\u2714\ufe0f Drzwiczki rewizyjne<\/h3>\n<p style=\"margin: 15px 0; line-height: 1.8; clear: both; display: block; width: 100%; float: none; position: static;\">Wygodny dost\u0119p do paleniska bez przerywania grillowania.<\/p>\n<\/div>\n<\/div>\n<\/div>\n<div style=\"clear: both; display: block; margin: 10px 0;\">\n<div style=\"clear: both; display: block; margin: 10px 0;\">\n<div style=\"clear: both; display: block; margin: 10px 0;\">\n<div  style=\"max-width:2560px;max-height:2560px\">\n<div style=\"clear: both; display: block; margin: 10px 0;\">\n<div style=\"clear: both; width: 100%; display: block; margin: 20px 0; padding: 0; float: none; position: static; text-align: center;\"><img decoding=\"async\"  src=\"https:\/\/a.allegroimg.com\/original\/113eca\/2b2c07204f48a4f5bcda6bf3deae\/GRILL-WEGLOWY-DUZY-ZELIWNY-RUSZT-OGRODOWY-Z-POKRYWA-POPIELNIK-TERMOMETR-Kod-producenta-610205MG\" srcset=\"https:\/\/a.allegroimg.com\/original\/113eca\/2b2c07204f48a4f5bcda6bf3deae\/GRILL-WEGLOWY-DUZY-ZELIWNY-RUSZT-OGRODOWY-Z-POKRYWA-POPIELNIK-TERMOMETR-Kod-producenta-610205MG 360w,https:\/\/a.allegroimg.com\/original\/113eca\/2b2c07204f48a4f5bcda6bf3deae\/GRILL-WEGLOWY-DUZY-ZELIWNY-RUSZT-OGRODOWY-Z-POKRYWA-POPIELNIK-TERMOMETR-Kod-producenta-610205MG 720w,https:\/\/a.allegroimg.com\/original\/113eca\/2b2c07204f48a4f5bcda6bf3deae\/GRILL-WEGLOWY-DUZY-ZELIWNY-RUSZT-OGRODOWY-Z-POKRYWA-POPIELNIK-TERMOMETR-Kod-producenta-610205MG 1024w,https:\/\/a.allegroimg.com\/original\/113eca\/2b2c07204f48a4f5bcda6bf3deae\/GRILL-WEGLOWY-DUZY-ZELIWNY-RUSZT-OGRODOWY-Z-POKRYWA-POPIELNIK-TERMOMETR-Kod-producenta-610205MG 1440w,https:\/\/a.allegroimg.com\/original\/113eca\/2b2c07204f48a4f5bcda6bf3deae\/GRILL-WEGLOWY-DUZY-ZELIWNY-RUSZT-OGRODOWY-Z-POKRYWA-POPIELNIK-TERMOMETR-Kod-producenta-610205MG 2560w\" sizes=\"100vw\" width=\"2560px\" alt=\"GRILL W\u0118GLOWY DU\u017bY \u017bELIWNY RUSZT OGRODOWY Z POKRYW\u0104 POPIELNIK + TERMOMETR Kod producenta 610205MG\" style=\"max-width: 100%; height: auto; display: block; margin: 0 auto;\"><\/div>\n<\/div>\n<\/div>\n<\/div>\n<\/div>\n<\/div>\n<div style=\"clear: both; display: block; margin: 10px 0;\">\n<div style=\"clear: both; display: block; margin: 10px 0;\">\n<div style=\"clear: both; display: block; margin: 10px 0;\">\n<h3 style=\"color: #2c5aa0; font-size: 18px; margin: 30px 0 15px 0; font-weight: bold; clear: both; display: block; width: 100%; float: none; position: static;\">\u2611\ufe0fZalety komina:<\/h3>\n<h3 style=\"color: #2c5aa0; font-size: 18px; margin: 30px 0 15px 0; font-weight: bold; clear: both; display: block; width: 100%; float: none; position: static;\">\u2714\ufe0fLepszy ci\u0105g powietrza<\/h3>\n<p style=\"margin: 15px 0; line-height: 1.8; clear: both; display: block; width: 100%; float: none; position: static;\">Komin poprawia przep\u0142yw powietrza, dzi\u0119ki czemu w\u0119giel lub brykiet pali si\u0119 r\u00f3wniej i mocniej.<\/p>\n<p style=\"margin: 15px 0; line-height: 1.8; clear: both; display: block; width: 100%; float: none; position: static;\"><b>\u2714\ufe0f<\/b><b>Odprowadzanie dymu<\/b><\/p>\n<p style=\"margin: 15px 0; line-height: 1.8; clear: both; display: block; width: 100%; float: none; position: static;\">Dym nie rozchodzi si\u0119 chaotycznie na boki, tylko jest kierowany do g\u00f3ry. To wygodniejsze dla os\u00f3b stoj\u0105cych przy grillu.<\/p>\n<h3 style=\"color: #2c5aa0; font-size: 18px; margin: 30px 0 15px 0; font-weight: bold; clear: both; display: block; width: 100%; float: none; position: static;\">\u2714\ufe0fStabilniejsza temperatura<\/h3>\n<p style=\"margin: 15px 0; line-height: 1.8; clear: both; display: block; width: 100%; float: none; position: static;\">Dzi\u0119ki lepszej cyrkulacji powietrza \u0142atwiej utrzyma\u0107 sta\u0142e ciep\u0142o, co jest wa\u017cne przy grillowaniu z pokryw\u0105 lub w\u0119dzeniu.<\/p>\n<h3 style=\"color: #2c5aa0; font-size: 18px; margin: 30px 0 15px 0; font-weight: bold; clear: both; display: block; width: 100%; float: none; position: static;\">\u2714\ufe0fMo\u017cliwo\u015b\u0107 grillowania po\u015bredniego<\/h3>\n<p style=\"margin: 15px 0; line-height: 1.8; clear: both; display: block; width: 100%; float: none; position: static;\">W grillach z pokryw\u0105 komin pomaga w kontroli przep\u0142ywu powietrza, co umo\u017cliwia pieczenie jak w piekarniku, a nie tylko sma\u017cenie nad ogniem.<\/p>\n<h3 style=\"color: #2c5aa0; font-size: 18px; margin: 30px 0 15px 0; font-weight: bold; clear: both; display: block; width: 100%; float: none; position: static;\">\u2714\ufe0f<\/p>\n","protected":false},"excerpt":{"rendered":"<p>GRILL W\u0118GLOWY DU\u017bY \u017bELIWNY RUSZT OGRODOWY Z POKRYW\u0104 POPIELNIK + TERMOMETR<\/p>\n<p>\u2b50\ufe0f \u017beliwny ruszt<\/p>\n<p>\u2b50\ufe0f Solidna stalowa konstrukcja<\/p>\n<p>\u2b50\ufe0f 3 p\u00f3\u0142ki<\/p>\n<p>\u2b50\ufe0f Regulowane palenisko<\/p>\n<p>\u2b50\ufe0f Drzwiczki rewizyjne<\/p>\n<p>\u2b50\ufe0f Zakup od producenta<\/p>\n<p>\u2728 Grill w\u0119glowy Ferro \u2013 smak prawdziwego grillowania \u2728<\/p>\n","protected":false},"featured_media":15248,"template":"","meta":{"_uag_custom_page_level_css":""},"product_brand":[823],"product_cat":[796,795,541],"product_tag":[],"class_list":{"0":"post-15247","1":"product","2":"type-product","3":"status-publish","4":"has-post-thumbnail","6":"product_brand-gockowiak","7":"product_cat-grille-weglowe","8":"product_cat-grillowanie","9":"product_cat-ogrod","11":"first","12":"instock","13":"sale","14":"shipping-taxable","15":"purchasable","16":"product-type-simple"},"uagb_featured_image_src":{"full":["https:\/\/ogrodowyswiat24.shop\/grill\/wp-content\/uploads\/2026\/03\/allegro-image-15247.jpg",2560,2560,false],"thumbnail":["https:\/\/ogrodowyswiat24.shop\/grill\/wp-content\/uploads\/2026\/03\/allegro-image-15247-150x150.jpg",150,150,true],"medium":["https:\/\/ogrodowyswiat24.shop\/grill\/wp-content\/uploads\/2026\/03\/allegro-image-15247-300x300.jpg",300,300,true],"medium_large":["https:\/\/ogrodowyswiat24.shop\/grill\/wp-content\/uploads\/2026\/03\/allegro-image-15247-768x768.jpg",768,768,true],"large":["https:\/\/ogrodowyswiat24.shop\/grill\/wp-content\/uploads\/2026\/03\/allegro-image-15247-1024x1024.jpg",1024,1024,true],"1536x1536":["https:\/\/ogrodowyswiat24.shop\/grill\/wp-content\/uploads\/2026\/03\/allegro-image-15247-1536x1536.jpg",1536,1536,true],"2048x2048":["https:\/\/ogrodowyswiat24.shop\/grill\/wp-content\/uploads\/2026\/03\/allegro-image-15247-2048x2048.jpg",2048,2048,true],"woocommerce_thumbnail":["https:\/\/ogrodowyswiat24.shop\/grill\/wp-content\/uploads\/2026\/03\/allegro-image-15247-300x300.jpg",300,300,true],"woocommerce_single":["https:\/\/ogrodowyswiat24.shop\/grill\/wp-content\/uploads\/2026\/03\/allegro-image-15247-600x600.jpg",600,600,true],"woocommerce_gallery_thumbnail":["https:\/\/ogrodowyswiat24.shop\/grill\/wp-content\/uploads\/2026\/03\/allegro-image-15247-100x100.jpg",100,100,true]},"uagb_author_info":{"display_name":"admin","author_link":"https:\/\/ogrodowyswiat24.shop\/grill\/author\/"},"uagb_comment_info":0,"uagb_excerpt":"GRILL W\u0118GLOWY DU\u017bY \u017bELIWNY RUSZT OGRODOWY Z POKRYW\u0104 POPIELNIK + TERMOMETR \u2b50\ufe0f \u017beliwny ruszt \u2b50\ufe0f Solidna stalowa konstrukcja \u2b50\ufe0f 3 p\u00f3\u0142ki \u2b50\ufe0f Regulowane palenisko \u2b50\ufe0f Drzwiczki rewizyjne \u2b50\ufe0f Zakup od producenta \u2728 Grill w\u0119glowy Ferro \u2013 smak prawdziwego grillowania \u2728","_links":{"self":[{"href":"https:\/\/ogrodowyswiat24.shop\/grill\/wp-json\/wp\/v2\/product\/15247","targetHints":{"allow":["GET"]}}],"collection":[{"href":"https:\/\/ogrodowyswiat24.shop\/grill\/wp-json\/wp\/v2\/product"}],"about":[{"href":"https:\/\/ogrodowyswiat24.shop\/grill\/wp-json\/wp\/v2\/types\/product"}],"wp:featuredmedia":[{"embeddable":true,"href":"https:\/\/ogrodowyswiat24.shop\/grill\/wp-json\/wp\/v2\/media\/15248"}],"wp:attachment":[{"href":"https:\/\/ogrodowyswiat24.shop\/grill\/wp-json\/wp\/v2\/media?parent=15247"}],"wp:term":[{"taxonomy":"product_brand","embeddable":true,"href":"https:\/\/ogrodowyswiat24.shop\/grill\/wp-json\/wp\/v2\/product_brand?post=15247"},{"taxonomy":"product_cat","embeddable":true,"href":"https:\/\/ogrodowyswiat24.shop\/grill\/wp-json\/wp\/v2\/product_cat?post=15247"},{"taxonomy":"product_tag","embeddable":true,"href":"https:\/\/ogrodowyswiat24.shop\/grill\/wp-json\/wp\/v2\/product_tag?post=15247"}],"curies":[{"name":"wp","href":"https:\/\/api.w.org\/{rel}","templated":true}]}}