{"id":16113,"date":"2026-04-06T19:54:06","date_gmt":"2026-04-06T18:54:06","guid":{"rendered":"https:\/\/grillcentrum.shop\/gree\/produkt\/zestaw-mebli-ogrodowych-rosalie-4-os-keter\/"},"modified":"2026-04-11T02:22:37","modified_gmt":"2026-04-11T01:22:37","slug":"zestaw-mebli-ogrodowych-rosalie-4-os-keter","status":"publish","type":"product","link":"https:\/\/ogrodowyswiat24.shop\/grill\/produkt\/zestaw-mebli-ogrodowych-rosalie-4-os-keter\/","title":{"rendered":"Zestaw mebli ogrodowych Rosalie 4 os Keter"},"content":{"rendered":"<div style=\"font-family: Arial, sans-serif; line-height: 1.6; color: #333; padding: 20px; clear: both; display: block; width: 100%; float: none; position: static; overflow: hidden;\">\n<div style=\"clear: both; display: block; margin: 10px 0;\">\n<div style=\"clear: both; display: block; margin: 10px 0;\">\n<div style=\"clear: both; display: block; margin: 10px 0;\">\n<h1>Zestaw mebli ogrodowych tworzywo sztuczne Keter Rosalie szary 4 os.<\/h1>\n<\/div>\n<\/div>\n<\/div>\n<div style=\"clear: both; display: block; margin: 10px 0;\">\n<div style=\"clear: both; display: block; margin: 10px 0;\">\n<div style=\"clear: both; display: block; margin: 10px 0;\">\n<p style=\"margin: 15px 0; line-height: 1.8; clear: both; display: block; width: 100%; float: none; position: static;\">Komfortowy&nbsp; 4 osobowy komplet mebli Rosali z zaokr\u0105glonymi pod\u0142okietnikami i sto\u0142em z dodatkow\u0105 funkcj\u0105 przechowywania to idealne zastosowanie do ogrod\u00f3w, balkon\u00f3w, taras\u00f3w. Nawet w ograniczonej przestrzeni z zestawem rattanowym Rosali mo\u017cna stworzy\u0107 wymarzone miejsce wypoczynku na \u015bwie\u017cym powietrzu.<\/p>\n<\/div>\n<\/div>\n<div style=\"clear: both; display: block; margin: 10px 0;\">\n<div style=\"clear: both; display: block; margin: 10px 0;\">\n<div  style=\"max-width:2507px;max-height:1672px\">\n<div style=\"clear: both; display: block; margin: 10px 0;\">\n<div style=\"clear: both; width: 100%; display: block; margin: 20px 0; padding: 0; float: none; position: static; text-align: center;\"><img decoding=\"async\"  src=\"https:\/\/a.allegroimg.com\/original\/299db7\/6155070f443caf919fd6f1ecdf06\/Zestaw-mebli-ogrodowych-Rosalie-4-os-Keter\" srcset=\"https:\/\/a.allegroimg.com\/original\/299db7\/6155070f443caf919fd6f1ecdf06\/Zestaw-mebli-ogrodowych-Rosalie-4-os-Keter 360w,https:\/\/a.allegroimg.com\/original\/299db7\/6155070f443caf919fd6f1ecdf06\/Zestaw-mebli-ogrodowych-Rosalie-4-os-Keter 720w,https:\/\/a.allegroimg.com\/original\/299db7\/6155070f443caf919fd6f1ecdf06\/Zestaw-mebli-ogrodowych-Rosalie-4-os-Keter 1023w,https:\/\/a.allegroimg.com\/original\/299db7\/6155070f443caf919fd6f1ecdf06\/Zestaw-mebli-ogrodowych-Rosalie-4-os-Keter 1440w,https:\/\/a.allegroimg.com\/original\/299db7\/6155070f443caf919fd6f1ecdf06\/Zestaw-mebli-ogrodowych-Rosalie-4-os-Keter 2507w\" sizes=\"(min-width: 1200px) 560px, (min-width: 992px) 50vw, 100vw\" width=\"2507px\" alt=\"Zestaw mebli ogrodowych Rosalie 4 os Keter\" style=\"max-width: 100%; height: auto; display: block; margin: 0 auto;\"><\/div>\n<\/div>\n<\/div>\n<\/div>\n<\/div>\n<\/div>\n<div style=\"clear: both; display: block; margin: 10px 0;\">\n<div style=\"clear: both; display: block; margin: 10px 0;\">\n<div style=\"clear: both; display: block; margin: 10px 0;\">\n<div  style=\"max-width:1773px;max-height:1182px\">\n<div style=\"clear: both; display: block; margin: 10px 0;\">\n<div style=\"clear: both; width: 100%; display: block; margin: 20px 0; padding: 0; float: none; position: static; text-align: center;\"><img decoding=\"async\"  src=\"https:\/\/a.allegroimg.com\/original\/292ddd\/7ef7c90b41f6b8298985c3a675da\/Zestaw-mebli-ogrodowych-Rosalie-4-os-Keter-Linia-Rosalie\" srcset=\"https:\/\/a.allegroimg.com\/original\/292ddd\/7ef7c90b41f6b8298985c3a675da\/Zestaw-mebli-ogrodowych-Rosalie-4-os-Keter-Linia-Rosalie 360w,https:\/\/a.allegroimg.com\/original\/292ddd\/7ef7c90b41f6b8298985c3a675da\/Zestaw-mebli-ogrodowych-Rosalie-4-os-Keter-Linia-Rosalie 720w,https:\/\/a.allegroimg.com\/original\/292ddd\/7ef7c90b41f6b8298985c3a675da\/Zestaw-mebli-ogrodowych-Rosalie-4-os-Keter-Linia-Rosalie 1024w,https:\/\/a.allegroimg.com\/original\/292ddd\/7ef7c90b41f6b8298985c3a675da\/Zestaw-mebli-ogrodowych-Rosalie-4-os-Keter-Linia-Rosalie 1440w,https:\/\/a.allegroimg.com\/original\/292ddd\/7ef7c90b41f6b8298985c3a675da\/Zestaw-mebli-ogrodowych-Rosalie-4-os-Keter-Linia-Rosalie 1773w\" sizes=\"100vw\" width=\"1773px\" alt=\"Zestaw mebli ogrodowych Rosalie 4 os Keter Linia Rosalie\" style=\"max-width: 100%; height: auto; display: block; margin: 0 auto;\"><\/div>\n<\/div>\n<\/div>\n<\/div>\n<\/div>\n<\/div>\n<div style=\"clear: both; display: block; margin: 10px 0;\">\n<div style=\"clear: both; display: block; margin: 10px 0;\">\n<div style=\"clear: both; display: block; margin: 10px 0;\">\n<div  style=\"max-width:2560px;max-height:1706px\">\n<div style=\"clear: both; display: block; margin: 10px 0;\">\n<div style=\"clear: both; width: 100%; display: block; margin: 20px 0; padding: 0; float: none; position: static; text-align: center;\"><img decoding=\"async\"  src=\"https:\/\/a.allegroimg.com\/original\/29b845\/e8ef485b43ed9cddf392cef06186\/Zestaw-mebli-ogrodowych-Rosalie-4-os-Keter-Liczba-osob-4\" srcset=\"https:\/\/a.allegroimg.com\/original\/29b845\/e8ef485b43ed9cddf392cef06186\/Zestaw-mebli-ogrodowych-Rosalie-4-os-Keter-Liczba-osob-4 360w,https:\/\/a.allegroimg.com\/original\/29b845\/e8ef485b43ed9cddf392cef06186\/Zestaw-mebli-ogrodowych-Rosalie-4-os-Keter-Liczba-osob-4 720w,https:\/\/a.allegroimg.com\/original\/29b845\/e8ef485b43ed9cddf392cef06186\/Zestaw-mebli-ogrodowych-Rosalie-4-os-Keter-Liczba-osob-4 1024w,https:\/\/a.allegroimg.com\/original\/29b845\/e8ef485b43ed9cddf392cef06186\/Zestaw-mebli-ogrodowych-Rosalie-4-os-Keter-Liczba-osob-4 1440w,https:\/\/a.allegroimg.com\/original\/29b845\/e8ef485b43ed9cddf392cef06186\/Zestaw-mebli-ogrodowych-Rosalie-4-os-Keter-Liczba-osob-4 2560w\" sizes=\"(min-width: 1200px) 560px, (min-width: 992px) 50vw, 100vw\" width=\"2560px\" alt=\"Zestaw mebli ogrodowych Rosalie 4 os Keter Liczba os\u00f3b 4\" style=\"max-width: 100%; height: auto; display: block; margin: 0 auto;\"><\/div>\n<\/div>\n<\/div>\n<\/div>\n<\/div>\n<div style=\"clear: both; display: block; margin: 10px 0;\">\n<div style=\"clear: both; display: block; margin: 10px 0;\">\n<h2>Wymiary produktu [cm]:<\/h2>\n<ul style=\"margin: 15px 0; padding-left: 20px; clear: both; display: block; width: 100%; float: none; position: static;\">\n<li style=\"margin: 5px 0; padding: 2px 0; clear: both; display: list-item; float: none; position: static;\">krzes\u0142o (x2): 65 x 63 x 74 cm<\/li>\n<li style=\"margin: 5px 0; padding: 2px 0; clear: both; display: list-item; float: none; position: static;\">sofa: 65 x 113 x 74 cm<\/li>\n<li style=\"margin: 5px 0; padding: 2px 0; clear: both; display: list-item; float: none; position: static;\">st\u00f3\u0142: 55,5 x 55,5 x 38 cm<\/li>\n<\/ul>\n<h3 style=\"color: #2c5aa0; font-size: 18px; margin: 30px 0 15px 0; font-weight: bold; clear: both; display: block; width: 100%; float: none; position: static;\">Waga netto [kg]: 30,00<\/h3>\n<\/div>\n<\/div>\n<\/div>\n<div style=\"clear: both; display: block; margin: 10px 0;\">\n<div style=\"clear: both; display: block; margin: 10px 0;\">\n<div style=\"clear: both; display: block; margin: 10px 0;\">\n<h2>W zestawie:<\/h2>\n<ul style=\"margin: 15px 0; padding-left: 20px; clear: both; display: block; width: 100%; float: none; position: static;\">\n<li style=\"margin: 5px 0; padding: 2px 0; clear: both; display: list-item; float: none; position: static;\">dwa fotele,<\/li>\n<li style=\"margin: 5px 0; padding: 2px 0; clear: both; display: list-item; float: none; position: static;\">sofa,<\/li>\n<li style=\"margin: 5px 0; padding: 2px 0; clear: both; display: list-item; float: none; position: static;\">stolik,<\/li>\n<li style=\"margin: 5px 0; padding: 2px 0; clear: both; display: list-item; float: none; position: static;\">poduszki.<\/li>\n<\/ul>\n<h3 style=\"color: #2c5aa0; font-size: 18px; margin: 30px 0 15px 0; font-weight: bold; clear: both; display: block; width: 100%; float: none; position: static;\">Kolor:<\/h3>\n<ul style=\"margin: 15px 0; padding-left: 20px; clear: both; display: block; width: 100%; float: none; position: static;\">\n<li style=\"margin: 5px 0; padding: 2px 0; clear: both; display: list-item; float: none; position: static;\">Meble: grafit,<\/li>\n<li style=\"margin: 5px 0; padding: 2px 0; clear: both; display: list-item; float: none; position: static;\">Poduszki: jasny szary<\/li>\n<\/ul>\n<p style=\"margin: 15px 0; line-height: 1.8; clear: both; display: block; width: 100%; float: none; position: static;\"><b>Maksymalne obci\u0105\u017cenie:<\/b> 110 kg na miejsce.<\/p>\n<p style=\"margin: 15px 0; line-height: 1.8; clear: both; display: block; width: 100%; float: none; position: static;\">Stolik mo\u017ce pe\u0142ni\u0107 funkcj\u0119 skrzyni.<\/p>\n<\/div>\n<\/div>\n<div style=\"clear: both; display: block; margin: 10px 0;\">\n<div style=\"clear: both; display: block; margin: 10px 0;\">\n<div  style=\"max-width:1600px;max-height:1067px\">\n<div style=\"clear: both; display: block; margin: 10px 0;\">\n<div style=\"clear: both; width: 100%; display: block; margin: 20px 0; padding: 0; float: none; position: static; text-align: center;\"><img decoding=\"async\"  src=\"https:\/\/a.allegroimg.com\/original\/296dab\/8500e64e417ca4acbc21dd8de6f2\/Zestaw-mebli-ogrodowych-Rosalie-4-os-Keter-Zawartosc-zestawu-fotel-naroznik-stolik\" srcset=\"https:\/\/a.allegroimg.com\/original\/296dab\/8500e64e417ca4acbc21dd8de6f2\/Zestaw-mebli-ogrodowych-Rosalie-4-os-Keter-Zawartosc-zestawu-fotel-naroznik-stolik 360w,https:\/\/a.allegroimg.com\/original\/296dab\/8500e64e417ca4acbc21dd8de6f2\/Zestaw-mebli-ogrodowych-Rosalie-4-os-Keter-Zawartosc-zestawu-fotel-naroznik-stolik 720w,https:\/\/a.allegroimg.com\/original\/296dab\/8500e64e417ca4acbc21dd8de6f2\/Zestaw-mebli-ogrodowych-Rosalie-4-os-Keter-Zawartosc-zestawu-fotel-naroznik-stolik 1024w,https:\/\/a.allegroimg.com\/original\/296dab\/8500e64e417ca4acbc21dd8de6f2\/Zestaw-mebli-ogrodowych-Rosalie-4-os-Keter-Zawartosc-zestawu-fotel-naroznik-stolik 1440w,https:\/\/a.allegroimg.com\/original\/296dab\/8500e64e417ca4acbc21dd8de6f2\/Zestaw-mebli-ogrodowych-Rosalie-4-os-Keter-Zawartosc-zestawu-fotel-naroznik-stolik 1600w\" sizes=\"(min-width: 1200px) 560px, (min-width: 992px) 50vw, 100vw\" width=\"1600px\" alt=\"Zestaw mebli ogrodowych Rosalie 4 os Keter Zawarto\u015b\u0107 zestawu fotel naro\u017cnik stolik\" style=\"max-width: 100%; height: auto; display: block; margin: 0 auto;\"><\/div>\n<\/div>\n<\/div>\n<\/div>\n<\/div>\n<\/div>\n<\/div>\n<\/div>\n<\/div>\n<div style=\"clear: both; display: block; margin: 10px 0;\">\n","protected":false},"excerpt":{"rendered":"<p>Zestaw mebli ogrodowych tworzywo sztuczne Keter Rosalie szary 4 os.<\/p>\n<p>Komfortowy&nbsp; 4 osobowy komplet mebli Rosali z zaokr\u0105glonymi pod\u0142okietnikami i sto\u0142em z dodatkow\u0105 funkcj\u0105 przechowywania to idealne zastosowanie do ogrod\u00f3w, balkon\u00f3w, taras\u00f3w. Nawet w ograniczonej przestrzeni z zestawem rattanowym Rosali mo\u017cna stworzy\u0107 wymarzone miejsce wypoczynku na \u015bwie\u017cym powietrzu.<\/p>\n<p>Wymiary produktu [cm]:<\/p>\n<p>krzes\u0142o (x2): 65 x 63 x 74 cm<\/p>\n<p>sofa: 65 x 113 x 74 cm<\/p>\n<p>st\u00f3\u0142: 55,5 x 55,5 x 38 cm<\/p>\n<p>Waga netto [kg]: 30,00<\/p>\n<p>W zestawie:<\/p>\n","protected":false},"featured_media":16114,"template":"","meta":{"_uag_custom_page_level_css":""},"product_brand":[975],"product_cat":[532,542,541],"product_tag":[],"class_list":{"0":"post-16113","1":"product","2":"type-product","3":"status-publish","4":"has-post-thumbnail","6":"product_brand-keter","7":"product_cat-komplety-mebli","8":"product_cat-meble-ogrodowe","9":"product_cat-ogrod","10":"product_shipping_class-transport-na-paletach","12":"first","13":"instock","14":"sale","15":"shipping-taxable","16":"purchasable","17":"product-type-simple"},"uagb_featured_image_src":{"full":["https:\/\/ogrodowyswiat24.shop\/grill\/wp-content\/uploads\/2026\/04\/allegro-image-16113.jpg",2507,1672,false],"thumbnail":["https:\/\/ogrodowyswiat24.shop\/grill\/wp-content\/uploads\/2026\/04\/allegro-image-16113-150x150.jpg",150,150,true],"medium":["https:\/\/ogrodowyswiat24.shop\/grill\/wp-content\/uploads\/2026\/04\/allegro-image-16113-300x200.jpg",300,200,true],"medium_large":["https:\/\/ogrodowyswiat24.shop\/grill\/wp-content\/uploads\/2026\/04\/allegro-image-16113-768x512.jpg",768,512,true],"large":["https:\/\/ogrodowyswiat24.shop\/grill\/wp-content\/uploads\/2026\/04\/allegro-image-16113-1024x683.jpg",1024,683,true],"1536x1536":["https:\/\/ogrodowyswiat24.shop\/grill\/wp-content\/uploads\/2026\/04\/allegro-image-16113-1536x1024.jpg",1536,1024,true],"2048x2048":["https:\/\/ogrodowyswiat24.shop\/grill\/wp-content\/uploads\/2026\/04\/allegro-image-16113-2048x1366.jpg",2048,1366,true],"woocommerce_thumbnail":["https:\/\/ogrodowyswiat24.shop\/grill\/wp-content\/uploads\/2026\/04\/allegro-image-16113-300x300.jpg",300,300,true],"woocommerce_single":["https:\/\/ogrodowyswiat24.shop\/grill\/wp-content\/uploads\/2026\/04\/allegro-image-16113-600x400.jpg",600,400,true],"woocommerce_gallery_thumbnail":["https:\/\/ogrodowyswiat24.shop\/grill\/wp-content\/uploads\/2026\/04\/allegro-image-16113-100x100.jpg",100,100,true]},"uagb_author_info":{"display_name":"admin","author_link":"https:\/\/ogrodowyswiat24.shop\/grill\/author\/"},"uagb_comment_info":0,"uagb_excerpt":"Zestaw mebli ogrodowych tworzywo sztuczne Keter Rosalie szary 4 os. Komfortowy&nbsp; 4 osobowy komplet mebli Rosali z zaokr\u0105glonymi pod\u0142okietnikami i sto\u0142em z dodatkow\u0105 funkcj\u0105 przechowywania to idealne zastosowanie do ogrod\u00f3w, balkon\u00f3w, taras\u00f3w. Nawet w ograniczonej przestrzeni z zestawem rattanowym Rosali mo\u017cna stworzy\u0107 wymarzone miejsce wypoczynku na \u015bwie\u017cym powietrzu. Wymiary produktu [cm]: krzes\u0142o (x2): 65 x&hellip;","_links":{"self":[{"href":"https:\/\/ogrodowyswiat24.shop\/grill\/wp-json\/wp\/v2\/product\/16113","targetHints":{"allow":["GET"]}}],"collection":[{"href":"https:\/\/ogrodowyswiat24.shop\/grill\/wp-json\/wp\/v2\/product"}],"about":[{"href":"https:\/\/ogrodowyswiat24.shop\/grill\/wp-json\/wp\/v2\/types\/product"}],"wp:featuredmedia":[{"embeddable":true,"href":"https:\/\/ogrodowyswiat24.shop\/grill\/wp-json\/wp\/v2\/media\/16114"}],"wp:attachment":[{"href":"https:\/\/ogrodowyswiat24.shop\/grill\/wp-json\/wp\/v2\/media?parent=16113"}],"wp:term":[{"taxonomy":"product_brand","embeddable":true,"href":"https:\/\/ogrodowyswiat24.shop\/grill\/wp-json\/wp\/v2\/product_brand?post=16113"},{"taxonomy":"product_cat","embeddable":true,"href":"https:\/\/ogrodowyswiat24.shop\/grill\/wp-json\/wp\/v2\/product_cat?post=16113"},{"taxonomy":"product_tag","embeddable":true,"href":"https:\/\/ogrodowyswiat24.shop\/grill\/wp-json\/wp\/v2\/product_tag?post=16113"}],"curies":[{"name":"wp","href":"https:\/\/api.w.org\/{rel}","templated":true}]}}