{"id":16137,"date":"2026-04-06T19:54:20","date_gmt":"2026-04-06T18:54:20","guid":{"rendered":"https:\/\/grillcentrum.shop\/gree\/produkt\/zestaw-mebli-ogrodowych-keter-rosalie-5-os-stolik\/"},"modified":"2026-04-11T02:22:38","modified_gmt":"2026-04-11T01:22:38","slug":"zestaw-mebli-ogrodowych-keter-rosalie-5-os-stolik","status":"publish","type":"product","link":"https:\/\/ogrodowyswiat24.shop\/grill\/produkt\/zestaw-mebli-ogrodowych-keter-rosalie-5-os-stolik\/","title":{"rendered":"Zestaw mebli ogrodowych Keter Rosalie 5 os. + stolik"},"content":{"rendered":"<div style=\"font-family: Arial, sans-serif; line-height: 1.6; color: #333; padding: 20px; clear: both; display: block; width: 100%; float: none; position: static; overflow: hidden;\">\n<div style=\"clear: both; display: block; margin: 10px 0;\">\n<div style=\"clear: both; display: block; margin: 10px 0;\">\n<div style=\"clear: both; display: block; margin: 10px 0;\">\n<h1>Zestaw mebli ogrodowych Keter tworzywo sztuczne Rosalie 5 os.<\/h1>\n<\/div>\n<\/div>\n<\/div>\n<div style=\"clear: both; display: block; margin: 10px 0;\">\n<div style=\"clear: both; display: block; margin: 10px 0;\">\n<div style=\"clear: both; display: block; margin: 10px 0;\">\n<p style=\"margin: 15px 0; line-height: 1.8; clear: both; display: block; width: 100%; float: none; position: static;\">Komfortowy 5 osobowy komplet mebli Rosali z zaokr\u0105glonymi pod\u0142okietnikami i sto\u0142em z dodatkow\u0105 funkcj\u0105 przechowywania to idealne zastosowanie do ogrod\u00f3w, balkon\u00f3w, taras\u00f3w.&nbsp;&nbsp; Nawet w ograniczonej przestrzeni z zestawem rattanowym Rosali mo\u017cna stworzy\u0107 wymarzone miejsce wypoczynku na \u015bwie\u017cym powietrzu. Dzi\u0119ki unikalnej konstrukcji przed dokonaniem monta\u017cu, mo\u017cesz wybra\u0107 jedn\u0105 z dw\u00f3ch dost\u0119pnych konfiguracji.&nbsp; Wszystkie potrzebne cz\u0119\u015bci znajduj\u0105 si\u0119 w kartonie z 3 osobow\u0105 sof\u0105, dwoma fotelami i sto\u0142em.<\/p>\n<\/div>\n<\/div>\n<div style=\"clear: both; display: block; margin: 10px 0;\">\n<div style=\"clear: both; display: block; margin: 10px 0;\">\n<div  style=\"max-width:1024px;max-height:594px\">\n<div style=\"clear: both; display: block; margin: 10px 0;\">\n<div style=\"clear: both; width: 100%; display: block; margin: 20px 0; padding: 0; float: none; position: static; text-align: center;\"><img decoding=\"async\"  src=\"https:\/\/a.allegroimg.com\/original\/115d35\/404d609c4422ba0d12515ad2d18c\/Zestaw-mebli-ogrodowych-Keter-Rosalie-5-os-stolik\" srcset=\"https:\/\/a.allegroimg.com\/original\/115d35\/404d609c4422ba0d12515ad2d18c\/Zestaw-mebli-ogrodowych-Keter-Rosalie-5-os-stolik 360w,https:\/\/a.allegroimg.com\/original\/115d35\/404d609c4422ba0d12515ad2d18c\/Zestaw-mebli-ogrodowych-Keter-Rosalie-5-os-stolik 720w,https:\/\/a.allegroimg.com\/original\/115d35\/404d609c4422ba0d12515ad2d18c\/Zestaw-mebli-ogrodowych-Keter-Rosalie-5-os-stolik 1024w,https:\/\/a.allegroimg.com\/original\/115d35\/404d609c4422ba0d12515ad2d18c\/Zestaw-mebli-ogrodowych-Keter-Rosalie-5-os-stolik 1024w\" sizes=\"(min-width: 1200px) 560px, (min-width: 992px) 50vw, 100vw\" width=\"1024px\" alt=\"Zestaw mebli ogrodowych Keter Rosalie 5 os. + stolik\" style=\"max-width: 100%; height: auto; display: block; margin: 0 auto;\"><\/div>\n<\/div>\n<\/div>\n<\/div>\n<\/div>\n<\/div>\n<div style=\"clear: both; display: block; margin: 10px 0;\">\n<div style=\"clear: both; display: block; margin: 10px 0;\">\n<div style=\"clear: both; display: block; margin: 10px 0;\">\n<div  style=\"max-width:1024px;max-height:683px\">\n<div style=\"clear: both; display: block; margin: 10px 0;\">\n<div style=\"clear: both; width: 100%; display: block; margin: 20px 0; padding: 0; float: none; position: static; text-align: center;\"><img decoding=\"async\"  src=\"https:\/\/a.allegroimg.com\/original\/11a409\/439d0e2248168f5f3f05b6eede9e\/Zestaw-mebli-ogrodowych-Keter-Rosalie-5-os-stolik-Linia-Rosalie\" srcset=\"https:\/\/a.allegroimg.com\/original\/11a409\/439d0e2248168f5f3f05b6eede9e\/Zestaw-mebli-ogrodowych-Keter-Rosalie-5-os-stolik-Linia-Rosalie 360w,https:\/\/a.allegroimg.com\/original\/11a409\/439d0e2248168f5f3f05b6eede9e\/Zestaw-mebli-ogrodowych-Keter-Rosalie-5-os-stolik-Linia-Rosalie 720w,https:\/\/a.allegroimg.com\/original\/11a409\/439d0e2248168f5f3f05b6eede9e\/Zestaw-mebli-ogrodowych-Keter-Rosalie-5-os-stolik-Linia-Rosalie 1024w,https:\/\/a.allegroimg.com\/original\/11a409\/439d0e2248168f5f3f05b6eede9e\/Zestaw-mebli-ogrodowych-Keter-Rosalie-5-os-stolik-Linia-Rosalie 1024w\" sizes=\"(min-width: 1200px) 560px, (min-width: 992px) 50vw, 100vw\" width=\"1024px\" alt=\"Zestaw mebli ogrodowych Keter Rosalie 5 os. + stolik Linia Rosalie\" style=\"max-width: 100%; height: auto; display: block; margin: 0 auto;\"><\/div>\n<\/div>\n<\/div>\n<\/div>\n<\/div>\n<div style=\"clear: both; display: block; margin: 10px 0;\">\n<div style=\"clear: both; display: block; margin: 10px 0;\">\n<ul style=\"margin: 15px 0; padding-left: 20px; clear: both; display: block; width: 100%; float: none; position: static;\">\n<li style=\"margin: 5px 0; padding: 2px 0; clear: both; display: list-item; float: none; position: static;\"><b>D\u0142ugo\u015b\u0107:<\/b>&nbsp;fotel: 65 , sofa: 65 , stolik: 55,5<\/li>\n<li style=\"margin: 5px 0; padding: 2px 0; clear: both; display: list-item; float: none; position: static;\"><b>Szeroko\u015b\u0107:<\/b>&nbsp;fotel :&nbsp; 63 , sofa: 163, stolik:&nbsp; 55,5<\/li>\n<li style=\"margin: 5px 0; padding: 2px 0; clear: both; display: list-item; float: none; position: static;\"><b>Wysoko\u015b\u0107:<\/b>&nbsp;fotel:&nbsp; 74, sofa: 74, stolik:&nbsp; 38<\/li>\n<\/ul>\n<p style=\"margin: 15px 0; line-height: 1.8; clear: both; display: block; width: 100%; float: none; position: static;\"><b>Kolor: <\/b>grafit, poduszki jasny szary<\/p>\n<p style=\"margin: 15px 0; line-height: 1.8; clear: both; display: block; width: 100%; float: none; position: static;\">Maksymalne obci\u0105\u017cenie 110 kg \/ miejsce<\/p>\n<\/div>\n<\/div>\n<\/div>\n<div style=\"clear: both; display: block; margin: 10px 0;\">\n<div style=\"clear: both; display: block; margin: 10px 0;\">\n<div style=\"clear: both; display: block; margin: 10px 0;\">\n<div  style=\"max-width:2560px;max-height:1706px\">\n<div style=\"clear: both; display: block; margin: 10px 0;\">\n<div style=\"clear: both; width: 100%; display: block; margin: 20px 0; padding: 0; float: none; position: static; text-align: center;\"><img decoding=\"async\"  src=\"https:\/\/a.allegroimg.com\/original\/11f5e6\/8a5514814bbabd50430ee9007bee\/Zestaw-mebli-ogrodowych-Keter-Rosalie-5-os-stolik-Kolor-szary\" srcset=\"https:\/\/a.allegroimg.com\/original\/11f5e6\/8a5514814bbabd50430ee9007bee\/Zestaw-mebli-ogrodowych-Keter-Rosalie-5-os-stolik-Kolor-szary 360w,https:\/\/a.allegroimg.com\/original\/11f5e6\/8a5514814bbabd50430ee9007bee\/Zestaw-mebli-ogrodowych-Keter-Rosalie-5-os-stolik-Kolor-szary 720w,https:\/\/a.allegroimg.com\/original\/11f5e6\/8a5514814bbabd50430ee9007bee\/Zestaw-mebli-ogrodowych-Keter-Rosalie-5-os-stolik-Kolor-szary 1024w,https:\/\/a.allegroimg.com\/original\/11f5e6\/8a5514814bbabd50430ee9007bee\/Zestaw-mebli-ogrodowych-Keter-Rosalie-5-os-stolik-Kolor-szary 1440w,https:\/\/a.allegroimg.com\/original\/11f5e6\/8a5514814bbabd50430ee9007bee\/Zestaw-mebli-ogrodowych-Keter-Rosalie-5-os-stolik-Kolor-szary 2560w\" sizes=\"(min-width: 1200px) 560px, (min-width: 992px) 50vw, 100vw\" width=\"2560px\" alt=\"Zestaw mebli ogrodowych Keter Rosalie 5 os. + stolik Kolor szary\" style=\"max-width: 100%; height: auto; display: block; margin: 0 auto;\"><\/div>\n<\/div>\n<\/div>\n<\/div>\n<\/div>\n<div style=\"clear: both; display: block; margin: 10px 0;\">\n<div style=\"clear: both; display: block; margin: 10px 0;\">\n<div  style=\"max-width:2560px;max-height:1706px\">\n<div style=\"clear: both; display: block; margin: 10px 0;\">\n<div style=\"clear: both; width: 100%; display: block; margin: 20px 0; padding: 0; float: none; position: static; text-align: center;\"><img decoding=\"async\"  src=\"https:\/\/a.allegroimg.com\/original\/113e8c\/90416eba427298dcdb035847f822\/Zestaw-mebli-ogrodowych-Keter-Rosalie-5-os-stolik-Liczba-elementow-w-zestawie-4\" srcset=\"https:\/\/a.allegroimg.com\/original\/113e8c\/90416eba427298dcdb035847f822\/Zestaw-mebli-ogrodowych-Keter-Rosalie-5-os-stolik-Liczba-elementow-w-zestawie-4 360w,https:\/\/a.allegroimg.com\/original\/113e8c\/90416eba427298dcdb035847f822\/Zestaw-mebli-ogrodowych-Keter-Rosalie-5-os-stolik-Liczba-elementow-w-zestawie-4 720w,https:\/\/a.allegroimg.com\/original\/113e8c\/90416eba427298dcdb035847f822\/Zestaw-mebli-ogrodowych-Keter-Rosalie-5-os-stolik-Liczba-elementow-w-zestawie-4 1024w,https:\/\/a.allegroimg.com\/original\/113e8c\/90416eba427298dcdb035847f822\/Zestaw-mebli-ogrodowych-Keter-Rosalie-5-os-stolik-Liczba-elementow-w-zestawie-4 1440w,https:\/\/a.allegroimg.com\/original\/113e8c\/90416eba427298dcdb035847f822\/Zestaw-mebli-ogrodowych-Keter-Rosalie-5-os-stolik-Liczba-elementow-w-zestawie-4 2560w\" sizes=\"(min-width: 1200px) 560px, (min-width: 992px) 50vw, 100vw\" width=\"2560px\" alt=\"Zestaw mebli ogrodowych Keter Rosalie 5 os. + stolik Liczba element\u00f3w w zestawie 4\" style=\"max-width: 100%; height: auto; display: block; margin: 0 auto;\"><\/div>\n<\/div>\n<\/div>\n<\/div>\n<\/div>\n<\/div>\n<\/div>\n<\/div>\n<\/div>\n<div style=\"clear: both; display: block; margin: 10px 0;\">\n","protected":false},"excerpt":{"rendered":"<p>Zestaw mebli ogrodowych Keter tworzywo sztuczne Rosalie 5 os.<\/p>\n","protected":false},"featured_media":16138,"template":"","meta":{"_uag_custom_page_level_css":""},"product_brand":[975],"product_cat":[532,542,541],"product_tag":[],"class_list":{"0":"post-16137","1":"product","2":"type-product","3":"status-publish","4":"has-post-thumbnail","6":"product_brand-keter","7":"product_cat-komplety-mebli","8":"product_cat-meble-ogrodowe","9":"product_cat-ogrod","10":"product_shipping_class-transport-na-paletach","12":"first","13":"instock","14":"sale","15":"shipping-taxable","16":"purchasable","17":"product-type-simple"},"uagb_featured_image_src":{"full":["https:\/\/ogrodowyswiat24.shop\/grill\/wp-content\/uploads\/2026\/04\/allegro-image-16137.jpg",1024,594,false],"thumbnail":["https:\/\/ogrodowyswiat24.shop\/grill\/wp-content\/uploads\/2026\/04\/allegro-image-16137-150x150.jpg",150,150,true],"medium":["https:\/\/ogrodowyswiat24.shop\/grill\/wp-content\/uploads\/2026\/04\/allegro-image-16137-300x174.jpg",300,174,true],"medium_large":["https:\/\/ogrodowyswiat24.shop\/grill\/wp-content\/uploads\/2026\/04\/allegro-image-16137-768x446.jpg",768,446,true],"large":["https:\/\/ogrodowyswiat24.shop\/grill\/wp-content\/uploads\/2026\/04\/allegro-image-16137.jpg",1024,594,false],"1536x1536":["https:\/\/ogrodowyswiat24.shop\/grill\/wp-content\/uploads\/2026\/04\/allegro-image-16137.jpg",1024,594,false],"2048x2048":["https:\/\/ogrodowyswiat24.shop\/grill\/wp-content\/uploads\/2026\/04\/allegro-image-16137.jpg",1024,594,false],"woocommerce_thumbnail":["https:\/\/ogrodowyswiat24.shop\/grill\/wp-content\/uploads\/2026\/04\/allegro-image-16137-300x300.jpg",300,300,true],"woocommerce_single":["https:\/\/ogrodowyswiat24.shop\/grill\/wp-content\/uploads\/2026\/04\/allegro-image-16137-600x348.jpg",600,348,true],"woocommerce_gallery_thumbnail":["https:\/\/ogrodowyswiat24.shop\/grill\/wp-content\/uploads\/2026\/04\/allegro-image-16137-100x100.jpg",100,100,true]},"uagb_author_info":{"display_name":"admin","author_link":"https:\/\/ogrodowyswiat24.shop\/grill\/author\/"},"uagb_comment_info":0,"uagb_excerpt":"Zestaw mebli ogrodowych Keter tworzywo sztuczne Rosalie 5 os.","_links":{"self":[{"href":"https:\/\/ogrodowyswiat24.shop\/grill\/wp-json\/wp\/v2\/product\/16137","targetHints":{"allow":["GET"]}}],"collection":[{"href":"https:\/\/ogrodowyswiat24.shop\/grill\/wp-json\/wp\/v2\/product"}],"about":[{"href":"https:\/\/ogrodowyswiat24.shop\/grill\/wp-json\/wp\/v2\/types\/product"}],"wp:featuredmedia":[{"embeddable":true,"href":"https:\/\/ogrodowyswiat24.shop\/grill\/wp-json\/wp\/v2\/media\/16138"}],"wp:attachment":[{"href":"https:\/\/ogrodowyswiat24.shop\/grill\/wp-json\/wp\/v2\/media?parent=16137"}],"wp:term":[{"taxonomy":"product_brand","embeddable":true,"href":"https:\/\/ogrodowyswiat24.shop\/grill\/wp-json\/wp\/v2\/product_brand?post=16137"},{"taxonomy":"product_cat","embeddable":true,"href":"https:\/\/ogrodowyswiat24.shop\/grill\/wp-json\/wp\/v2\/product_cat?post=16137"},{"taxonomy":"product_tag","embeddable":true,"href":"https:\/\/ogrodowyswiat24.shop\/grill\/wp-json\/wp\/v2\/product_tag?post=16137"}],"curies":[{"name":"wp","href":"https:\/\/api.w.org\/{rel}","templated":true}]}}