{"id":16141,"date":"2026-04-06T19:54:22","date_gmt":"2026-04-06T18:54:22","guid":{"rendered":"https:\/\/grillcentrum.shop\/gree\/produkt\/keter-santiago-zestaw-mebli-stol-4-krzesla\/"},"modified":"2026-04-11T02:22:38","modified_gmt":"2026-04-11T01:22:38","slug":"keter-santiago-zestaw-mebli-stol-4-krzesla","status":"publish","type":"product","link":"https:\/\/ogrodowyswiat24.shop\/grill\/produkt\/keter-santiago-zestaw-mebli-stol-4-krzesla\/","title":{"rendered":"KETER Santiago ZESTAW MEBLI St\u00f3\u0142 + 4 Krzes\u0142a"},"content":{"rendered":"<div style=\"font-family: Arial, sans-serif; line-height: 1.6; color: #333; padding: 20px; clear: both; display: block; width: 100%; float: none; position: static; overflow: hidden;\">\n<div style=\"clear: both; display: block; margin: 10px 0;\">\n<div style=\"clear: both; display: block; margin: 10px 0;\">\n<div style=\"clear: both; display: block; margin: 10px 0;\">\n<h1>KETER Santiago ZESTAW MEBLI St\u00f3\u0142 + 4 Krzes\u0142a<\/h1>\n<\/div>\n<\/div>\n<\/div>\n<div style=\"clear: both; display: block; margin: 10px 0;\">\n<div style=\"clear: both; display: block; margin: 10px 0;\">\n<div style=\"clear: both; display: block; margin: 10px 0;\">\n<div  style=\"max-width:1500px;max-height:1500px\">\n<div style=\"clear: both; display: block; margin: 10px 0;\">\n<div style=\"clear: both; width: 100%; display: block; margin: 20px 0; padding: 0; float: none; position: static; text-align: center;\"><img decoding=\"async\"  src=\"https:\/\/a.allegroimg.com\/original\/114b08\/597d63a94cfda2e92153cddc44e5\/KETER-Santiago-ZESTAW-MEBLI-Stol-4-Krzesla\" srcset=\"https:\/\/a.allegroimg.com\/original\/114b08\/597d63a94cfda2e92153cddc44e5\/KETER-Santiago-ZESTAW-MEBLI-Stol-4-Krzesla 360w,https:\/\/a.allegroimg.com\/original\/114b08\/597d63a94cfda2e92153cddc44e5\/KETER-Santiago-ZESTAW-MEBLI-Stol-4-Krzesla 720w,https:\/\/a.allegroimg.com\/original\/114b08\/597d63a94cfda2e92153cddc44e5\/KETER-Santiago-ZESTAW-MEBLI-Stol-4-Krzesla 1024w,https:\/\/a.allegroimg.com\/original\/114b08\/597d63a94cfda2e92153cddc44e5\/KETER-Santiago-ZESTAW-MEBLI-Stol-4-Krzesla 1440w,https:\/\/a.allegroimg.com\/original\/114b08\/597d63a94cfda2e92153cddc44e5\/KETER-Santiago-ZESTAW-MEBLI-Stol-4-Krzesla 1500w\" sizes=\"(min-width: 1200px) 560px, (min-width: 992px) 50vw, 100vw\" width=\"1500px\" alt=\"KETER Santiago ZESTAW MEBLI St\u00f3\u0142 + 4 Krzes\u0142a\" style=\"max-width: 100%; height: auto; display: block; margin: 0 auto;\"><\/div>\n<\/div>\n<\/div>\n<\/div>\n<\/div>\n<div style=\"clear: both; display: block; margin: 10px 0;\">\n<div style=\"clear: both; display: block; margin: 10px 0;\">\n<p style=\"margin: 15px 0; line-height: 1.8; clear: both; display: block; width: 100%; float: none; position: static;\"><b>Meble do ogrodu<\/b> Keter Santiago pozwol\u0105 Ci relaksowa\u0107 si\u0119 na \u015bwie\u017cym powietrzu w komfortowych warunkach. <b>Komplet <\/b>&nbsp;sk\u0142ada si\u0119 z du\u017cego sto\u0142u oraz czterech wygodnych foteli.<\/p>\n<p style=\"margin: 15px 0; line-height: 1.8; clear: both; display: block; width: 100%; float: none; position: static;\"><b>Idealny zestaw obiadowy na taras<\/b> opr\u00f3cz profilowanych pod\u0142okietnik\u00f3w i opar\u0107, posiada tak\u017ce mi\u0119kkie poduszki siedziskowe, kt\u00f3re s\u0105 odporne na ma\u0142y deszcz lub rozlany nap\u00f3j.<\/p>\n<p style=\"margin: 15px 0; line-height: 1.8; clear: both; display: block; width: 100%; float: none; position: static;\"><b>Meble tarasowe<\/b> Keter wykonano z tworzywa sztucznego. Tworzywo to idealnie imituje rattan, jednak jest bardziej wytrzyma\u0142e i nie wymaga skomplikowanej piel\u0119gnacji. Tworzywo cechuje odporno\u015b\u0107 na warunki atmosferyczne, promieniowanie UV, opady deszczu i zmienne temperatury. Mo\u017cesz wi\u0119c bez obaw pozostawi\u0107&nbsp;<b>meble ogrodowe<\/b> na dworze przez ca\u0142y rok i nie musisz martwi\u0107 si\u0119 o wyblakni\u0119cie koloru. Warto jednak pami\u0119ta\u0107, \u017ce \u017cadne meble nie s\u0105 odporne na grad ani wichur\u0119.<\/p>\n<\/div>\n<\/div>\n<\/div>\n<div style=\"clear: both; display: block; margin: 10px 0;\">\n<div style=\"clear: both; display: block; margin: 10px 0;\">\n<div style=\"clear: both; display: block; margin: 10px 0;\">\n<p style=\"margin: 15px 0; line-height: 1.8; clear: both; display: block; width: 100%; float: none; position: static;\">Dane techniczne:<\/p>\n<ul style=\"margin: 15px 0; padding-left: 20px; clear: both; display: block; width: 100%; float: none; position: static;\">\n<li style=\"margin: 5px 0; padding: 2px 0; clear: both; display: list-item; float: none; position: static;\">wymiary krzese\u0142ek: 68 x 56 x 54 cm (wys. x szer. x g\u0142.)<\/li>\n<li style=\"margin: 5px 0; padding: 2px 0; clear: both; display: list-item; float: none; position: static;\">wymiary sto\u0142u: 75 x 117 x 117 cm (wys. x szer. x g\u0142.)<\/li>\n<li style=\"margin: 5px 0; padding: 2px 0; clear: both; display: list-item; float: none; position: static;\">materia\u0142: formowany plastik<\/li>\n<li style=\"margin: 5px 0; padding: 2px 0; clear: both; display: list-item; float: none; position: static;\">kolor: grafit + szare poduszki<\/li>\n<li style=\"margin: 5px 0; padding: 2px 0; clear: both; display: list-item; float: none; position: static;\">materia\u0142 opakowaniowy: karton<\/li>\n<\/ul>\n<p style=\"margin: 15px 0; line-height: 1.8; clear: both; display: block; width: 100%; float: none; position: static;\">Zawarto\u015b\u0107 opakowania:<\/p>\n<ul style=\"margin: 15px 0; padding-left: 20px; clear: both; display: block; width: 100%; float: none; position: static;\">\n<li style=\"margin: 5px 0; padding: 2px 0; clear: both; display: list-item; float: none; position: static;\">1 x st\u00f3\u0142<\/li>\n<li style=\"margin: 5px 0; padding: 2px 0; clear: both; display: list-item; float: none; position: static;\">4 x fotel<\/li>\n<\/ul>\n<\/div>\n<\/div>\n<div style=\"clear: both; display: block; margin: 10px 0;\">\n<div style=\"clear: both; display: block; margin: 10px 0;\">\n<div  style=\"max-width:711px;max-height:599px\">\n<div style=\"clear: both; display: block; margin: 10px 0;\">\n<div style=\"clear: both; width: 100%; display: block; margin: 20px 0; padding: 0; float: none; position: static; text-align: center;\"><img decoding=\"async\"  src=\"https:\/\/a.allegroimg.com\/original\/11aed3\/5fbd46b04beba5fd46cea4e997ca\/KETER-Santiago-ZESTAW-MEBLI-Stol-4-Krzesla-Producent-Keter\" srcset=\"https:\/\/a.allegroimg.com\/original\/11aed3\/5fbd46b04beba5fd46cea4e997ca\/KETER-Santiago-ZESTAW-MEBLI-Stol-4-Krzesla-Producent-Keter 360w,https:\/\/a.allegroimg.com\/original\/11aed3\/5fbd46b04beba5fd46cea4e997ca\/KETER-Santiago-ZESTAW-MEBLI-Stol-4-Krzesla-Producent-Keter 711w,https:\/\/a.allegroimg.com\/original\/11aed3\/5fbd46b04beba5fd46cea4e997ca\/KETER-Santiago-ZESTAW-MEBLI-Stol-4-Krzesla-Producent-Keter 711w\" sizes=\"(min-width: 1200px) 560px, (min-width: 992px) 50vw, 100vw\" width=\"711px\" alt=\"KETER Santiago ZESTAW MEBLI St\u00f3\u0142 + 4 Krzes\u0142a Producent Keter\" style=\"max-width: 100%; height: auto; display: block; margin: 0 auto;\"><\/div>\n<\/div>\n<\/div>\n<\/div>\n<\/div>\n<\/div>\n<div style=\"clear: both; display: block; margin: 10px 0;\">\n<div style=\"clear: both; display: block; margin: 10px 0;\">\n<div style=\"clear: both; display: block; margin: 10px 0;\">\n<div  style=\"max-width:1500px;max-height:1500px\">\n<div style=\"clear: both; display: block; margin: 10px 0;\">\n<div style=\"clear: both; width: 100%; display: block; margin: 20px 0; padding: 0; float: none; position: static; text-align: center;\"><img decoding=\"async\"  src=\"https:\/\/a.allegroimg.com\/original\/114b08\/597d63a94cfda2e92153cddc44e5\/KETER-Santiago-ZESTAW-MEBLI-Stol-4-Krzesla\" srcset=\"https:\/\/a.allegroimg.com\/original\/114b08\/597d63a94cfda2e92153cddc44e5\/KETER-Santiago-ZESTAW-MEBLI-Stol-4-Krzesla 360w,https:\/\/a.allegroimg.com\/original\/114b08\/597d63a94cfda2e92153cddc44e5\/KETER-Santiago-ZESTAW-MEBLI-Stol-4-Krzesla 720w,https:\/\/a.allegroimg.com\/original\/114b08\/597d63a94cfda2e92153cddc44e5\/KETER-Santiago-ZESTAW-MEBLI-Stol-4-Krzesla 1024w,https:\/\/a.allegroimg.com\/original\/114b08\/597d63a94cfda2e92153cddc44e5\/KETER-Santiago-ZESTAW-MEBLI-Stol-4-Krzesla 1440w,https:\/\/a.allegroimg.com\/original\/114b08\/597d63a94cfda2e92153cddc44e5\/KETER-Santiago-ZESTAW-MEBLI-Stol-4-Krzesla 1500w\" sizes=\"100vw\" width=\"1500px\" alt=\"KETER Santiago ZESTAW MEBLI St\u00f3\u0142 + 4 Krzes\u0142a\" style=\"max-width: 100%; height: auto; display: block; margin: 0 auto;\"><\/div>\n<\/div>\n<\/div>\n<\/div>\n<\/div>\n<\/div>\n<div style=\"clear: both; display: block; margin: 10px 0;\">\n<div style=\"clear: both; display: block; margin: 10px 0;\">\n<div style=\"clear: both; display: block; margin: 10px 0;\">\n<div  style=\"max-width:1500px;max-height:1000px\">\n<div style=\"clear: both; display: block; margin: 10px 0;\">\n<div style=\"clear: both; width: 100%; display: block; margin: 20px 0; padding: 0; float: none; position: static; text-align: center;\"><img decoding=\"async\"  src=\"https:\/\/a.allegroimg.com\/original\/115663\/14bb4f0b4786a44d8dd4b5ceb1c2\/KETER-Santiago-ZESTAW-MEBLI-Stol-4-Krzesla-Stan-opakowania-oryginalne\" srcset=\"https:\/\/a.allegroimg.com\/original\/115663\/14bb4f0b4786a44d8dd4b5ceb1c2\/KETER-Santiago-ZESTAW-MEBLI-Stol-4-Krzesla-Stan-opakowania-oryginalne 360w,https:\/\/a.allegroimg.com\/original\/115663\/14bb4f0b4786a44d8dd4b5ceb1c2\/KETER-Santiago-ZESTAW-MEBLI-Stol-4-Krzesla-Stan-opakowania-oryginalne 720w,https:\/\/a.allegroimg.com\/original\/115663\/14bb4f0b4786a44d8dd4b5ceb1c2\/KETER-Santiago-ZESTAW-MEBLI-Stol-4-Krzesla-Stan-opakowania-oryginalne 1024w,https:\/\/a.allegroimg.com\/original\/115663\/14bb4f0b4786a44d8dd4b5ceb1c2\/KETER-Santiago-ZESTAW-MEBLI-Stol-4-Krzesla-Stan-opakowania-oryginalne 1440w,https:\/\/a.allegroimg.com\/original\/115663\/14bb4f0b4786a44d8dd4b5ceb1c2\/KETER-Santiago-ZESTAW-MEBLI-Stol-4-Krzesla-Stan-opakowania-oryginalne 1500w\" sizes=\"100vw\" width=\"1500px\" alt=\"KETER Santiago ZESTAW MEBLI St\u00f3\u0142 + 4 Krzes\u0142a Stan opakowania oryginalne\" style=\"max-width: 100%; height: auto; display: block; margin: 0 auto;\"><\/div>\n<\/div>\n<\/div>\n<\/div>\n<\/div>\n<\/div>\n<\/div>\n<\/div>\n<\/div>\n<div style=\"clear: both; display: block; margin: 10px 0;\">\n","protected":false},"excerpt":{"rendered":"<p>KETER Santiago ZESTAW MEBLI St\u00f3\u0142 + 4 Krzes\u0142a<\/p>\n<p>Meble do ogrodu Keter Santiago pozwol\u0105 Ci relaksowa\u0107 si\u0119 na \u015bwie\u017cym powietrzu w komfortowych warunkach. Komplet &nbsp;sk\u0142ada si\u0119 z du\u017cego sto\u0142u oraz czterech wygodnych foteli.<\/p>\n<p>Idealny zestaw obiadowy na taras opr\u00f3cz profilowanych pod\u0142okietnik\u00f3w i opar\u0107, posiada tak\u017ce mi\u0119kkie poduszki siedziskowe, kt\u00f3re s\u0105 odporne na ma\u0142y deszcz lub rozlany nap\u00f3j.<\/p>\n","protected":false},"featured_media":16142,"template":"","meta":{"_uag_custom_page_level_css":""},"product_brand":[975],"product_cat":[532,542,541],"product_tag":[],"class_list":{"0":"post-16141","1":"product","2":"type-product","3":"status-publish","4":"has-post-thumbnail","6":"product_brand-keter","7":"product_cat-komplety-mebli","8":"product_cat-meble-ogrodowe","9":"product_cat-ogrod","10":"product_shipping_class-transport-na-paletach","12":"first","13":"instock","14":"sale","15":"shipping-taxable","16":"purchasable","17":"product-type-simple"},"uagb_featured_image_src":{"full":["https:\/\/ogrodowyswiat24.shop\/grill\/wp-content\/uploads\/2026\/04\/allegro-image-16141.jpg",1500,1500,false],"thumbnail":["https:\/\/ogrodowyswiat24.shop\/grill\/wp-content\/uploads\/2026\/04\/allegro-image-16141-150x150.jpg",150,150,true],"medium":["https:\/\/ogrodowyswiat24.shop\/grill\/wp-content\/uploads\/2026\/04\/allegro-image-16141-300x300.jpg",300,300,true],"medium_large":["https:\/\/ogrodowyswiat24.shop\/grill\/wp-content\/uploads\/2026\/04\/allegro-image-16141-768x768.jpg",768,768,true],"large":["https:\/\/ogrodowyswiat24.shop\/grill\/wp-content\/uploads\/2026\/04\/allegro-image-16141-1024x1024.jpg",1024,1024,true],"1536x1536":["https:\/\/ogrodowyswiat24.shop\/grill\/wp-content\/uploads\/2026\/04\/allegro-image-16141.jpg",1500,1500,false],"2048x2048":["https:\/\/ogrodowyswiat24.shop\/grill\/wp-content\/uploads\/2026\/04\/allegro-image-16141.jpg",1500,1500,false],"woocommerce_thumbnail":["https:\/\/ogrodowyswiat24.shop\/grill\/wp-content\/uploads\/2026\/04\/allegro-image-16141-300x300.jpg",300,300,true],"woocommerce_single":["https:\/\/ogrodowyswiat24.shop\/grill\/wp-content\/uploads\/2026\/04\/allegro-image-16141-600x600.jpg",600,600,true],"woocommerce_gallery_thumbnail":["https:\/\/ogrodowyswiat24.shop\/grill\/wp-content\/uploads\/2026\/04\/allegro-image-16141-100x100.jpg",100,100,true]},"uagb_author_info":{"display_name":"admin","author_link":"https:\/\/ogrodowyswiat24.shop\/grill\/author\/"},"uagb_comment_info":0,"uagb_excerpt":"KETER Santiago ZESTAW MEBLI St\u00f3\u0142 + 4 Krzes\u0142a Meble do ogrodu Keter Santiago pozwol\u0105 Ci relaksowa\u0107 si\u0119 na \u015bwie\u017cym powietrzu w komfortowych warunkach. Komplet &nbsp;sk\u0142ada si\u0119 z du\u017cego sto\u0142u oraz czterech wygodnych foteli. Idealny zestaw obiadowy na taras opr\u00f3cz profilowanych pod\u0142okietnik\u00f3w i opar\u0107, posiada tak\u017ce mi\u0119kkie poduszki siedziskowe, kt\u00f3re s\u0105 odporne na ma\u0142y deszcz lub&hellip;","_links":{"self":[{"href":"https:\/\/ogrodowyswiat24.shop\/grill\/wp-json\/wp\/v2\/product\/16141","targetHints":{"allow":["GET"]}}],"collection":[{"href":"https:\/\/ogrodowyswiat24.shop\/grill\/wp-json\/wp\/v2\/product"}],"about":[{"href":"https:\/\/ogrodowyswiat24.shop\/grill\/wp-json\/wp\/v2\/types\/product"}],"wp:featuredmedia":[{"embeddable":true,"href":"https:\/\/ogrodowyswiat24.shop\/grill\/wp-json\/wp\/v2\/media\/16142"}],"wp:attachment":[{"href":"https:\/\/ogrodowyswiat24.shop\/grill\/wp-json\/wp\/v2\/media?parent=16141"}],"wp:term":[{"taxonomy":"product_brand","embeddable":true,"href":"https:\/\/ogrodowyswiat24.shop\/grill\/wp-json\/wp\/v2\/product_brand?post=16141"},{"taxonomy":"product_cat","embeddable":true,"href":"https:\/\/ogrodowyswiat24.shop\/grill\/wp-json\/wp\/v2\/product_cat?post=16141"},{"taxonomy":"product_tag","embeddable":true,"href":"https:\/\/ogrodowyswiat24.shop\/grill\/wp-json\/wp\/v2\/product_tag?post=16141"}],"curies":[{"name":"wp","href":"https:\/\/api.w.org\/{rel}","templated":true}]}}